{"id":819,"date":"2023-08-18T09:59:17","date_gmt":"2023-08-18T09:59:17","guid":{"rendered":"https:\/\/blockforia.com\/contact-us\/"},"modified":"2025-01-21T15:26:25","modified_gmt":"2025-01-21T15:26:25","slug":"contact-us","status":"publish","type":"page","link":"https:\/\/blockforia.com\/es\/contact-us\/","title":{"rendered":"Cont\u00e1ctanos"},"content":{"rendered":"<p>No dudes en ponerte en contacto con nuestro equipo de asistencia por correo electr\u00f3nico o por tel\u00e9fono:<\/p>\n<p>Correo electr\u00f3nico:<span>\u00a0<\/span><a href=\"mailto:support@blockforia.com\">support@blockforia.com<\/a><br \/>\nTel\u00e9fono: (+359) 87 64 73 900<br \/>\n(Laborables 09:00 &#8211; 17:00)<\/p>\n<p>Direcci\u00f3n y registro:<\/p>\n<p>Ciudad de Sof\u00eda 1463, Regi\u00f3n de Sof\u00eda, Municipio<br \/>\nde Sof\u00eda, Distrito Triaditza, 15<br \/>\nCalle Zdrave, piso 1<\/p>\n<p>TITULAR DE LA LICENCIA:<\/p>\n<div class=\"nuxt-content-highlight\">\n<pre class=\"language-text line-numbers\"><code>Bfinance EOOD Haciendo Negocios Como Blockforia\r\nC\u00f3digo de registro: 206805699\r\nBB-49\/18.02.2022<\/code><\/pre>\n<\/div>\n","protected":false},"excerpt":{"rendered":"<p>No dudes en ponerte en contacto con nuestro equipo de asistencia por correo electr\u00f3nico o por tel\u00e9fono:&#8230;<\/p>\n","protected":false},"author":3,"featured_media":0,"parent":0,"menu_order":0,"comment_status":"closed","ping_status":"closed","template":"","meta":{"_acf_changed":false,"footnotes":""},"class_list":["post-819","page","type-page","status-publish","hentry"],"acf":[],"_links":{"self":[{"href":"https:\/\/blockforia.com\/es\/wp-json\/wp\/v2\/pages\/819","targetHints":{"allow":["GET"]}}],"collection":[{"href":"https:\/\/blockforia.com\/es\/wp-json\/wp\/v2\/pages"}],"about":[{"href":"https:\/\/blockforia.com\/es\/wp-json\/wp\/v2\/types\/page"}],"author":[{"embeddable":true,"href":"https:\/\/blockforia.com\/es\/wp-json\/wp\/v2\/users\/3"}],"replies":[{"embeddable":true,"href":"https:\/\/blockforia.com\/es\/wp-json\/wp\/v2\/comments?post=819"}],"version-history":[{"count":3,"href":"https:\/\/blockforia.com\/es\/wp-json\/wp\/v2\/pages\/819\/revisions"}],"predecessor-version":[{"id":1926,"href":"https:\/\/blockforia.com\/es\/wp-json\/wp\/v2\/pages\/819\/revisions\/1926"}],"wp:attachment":[{"href":"https:\/\/blockforia.com\/es\/wp-json\/wp\/v2\/media?parent=819"}],"curies":[{"name":"wp","href":"https:\/\/api.w.org\/{rel}","templated":true}]}}