{"id":820,"date":"2023-08-18T09:59:24","date_gmt":"2023-08-18T09:59:24","guid":{"rendered":"https:\/\/blockforia.com\/cookie-policy\/"},"modified":"2024-10-29T12:04:32","modified_gmt":"2024-10-29T12:04:32","slug":"cookie-policy","status":"publish","type":"page","link":"https:\/\/blockforia.com\/es\/cookie-policy\/","title":{"rendered":"Pol\u00edtica de cookies"},"content":{"rendered":"<p>Fecha de entrada en vigor: 25 de julio de 2022<\/p>\n<p>Esta Pol\u00edtica de cookies explica c\u00f3mo utilizamos las cookies y tecnolog\u00edas similares cuando visita nuestros sitios web ubicados en Blockforia.com o cualquier otro sitio web, p\u00e1ginas, caracter\u00edsticas o contenido que poseemos u operamos (colectivamente, el \u201cSitio(s)\u201d), y\/o interactuar con Blockforia.com anuncios en l\u00ednea o correos electr\u00f3nicos de marketing (colectivamente los \u201cServicios\u201d). Explica qu\u00e9 son estas tecnolog\u00edas y por qu\u00e9 las utilizamos, as\u00ed como sus derechos para controlar el uso que hacemos de ellas.<\/p>\n<p>En algunos casos, podemos utilizar cookies y tecnolog\u00edas similares para recopilar informaci\u00f3n personal, o informaci\u00f3n que se convierte en informaci\u00f3n personal si la combinamos con otra informaci\u00f3n. En tales casos, se aplicar\u00e1 la Pol\u00edtica de privacidad de Blockforia adem\u00e1s de la presente Pol\u00edtica de cookies.<\/p>\n<h3>\u00bfQU\u00c9 SON LAS COOKIES?<\/h3>\n<p>Las cookies son peque\u00f1os archivos, normalmente de letras y n\u00fameros, que se descargan en su ordenador o dispositivo m\u00f3vil cuando visita determinados sitios web. Cuando vuelve a estos sitios web, o visita otros sitios web que utilizan las mismas cookies, los sitios web reconocen estas cookies y su dispositivo de navegaci\u00f3n. Una cookie no puede leer datos de su disco duro ni leer archivos cookie creados por otros sitios web.<\/p>\n<p>Las cookies establecidas por el operador del sitio web se denominan \u201ccookies de origen\u201d. Las cookies establecidas por partes distintas del operador del sitio web se denominan \u201ccookies de terceros\u201d. Las partes que establecen cookies de terceros pueden reconocer su ordenador tanto cuando visita Blockforia.com como cuando visita algunos otros sitios web y\/o aplicaciones m\u00f3viles.<\/p>\n<p>Tratamos la informaci\u00f3n recogida por las cookies y otras tecnolog\u00edas como informaci\u00f3n no personal. Sin embargo, en la medida en que las direcciones IP o identificadores similares sean considerados informaci\u00f3n personal por la legislaci\u00f3n local, tambi\u00e9n tratamos estos identificadores como informaci\u00f3n personal. Si combinamos informaci\u00f3n no personal con informaci\u00f3n personal, la informaci\u00f3n combinada ser\u00e1 tratada como informaci\u00f3n personal mientras permanezca combinada.<\/p>\n<p>Puede encontrar m\u00e1s informaci\u00f3n sobre las cookies y su uso en <span><a href=\"https:\/\/www.aboutcookies.org\/\" target=\"_blank\" rel=\"noopener\">www.aboutcookies.org<\/a> o <a href=\"http:\/\/www.allaboutcookies.org\" target=\"_blank\" rel=\"noopener\">www.allaboutcookies.org<\/a>.<\/span><\/p>\n<h3><span>\u00a0<\/span>\u00bfPOR QU\u00c9 UTILIZAMOS COOKIES?<\/h3>\n<p>Cuando accede a nuestros Servicios, nosotros o las empresas con las que trabajamos podemos colocar cookies en su ordenador u otro dispositivo. Estas tecnolog\u00edas nos ayudan a comprender mejor el comportamiento de los usuarios y nos informan sobre qu\u00e9 partes de nuestros sitios web han visitado las personas.<\/p>\n<p>Utilizamos cookies propias y de terceros para reconocerle como cliente de Blockforia.com, personalizar los servicios, contenidos y publicidad de Blockforia.com, medir la eficacia promocional y recopilar informaci\u00f3n sobre su ordenador u otro dispositivo de acceso para mitigar riesgos, ayudar a prevenir el fraude y promover la confianza y la seguridad.<\/p>\n<p>Podemos colocar cookies de terceros proveedores de servicios que pueden utilizar informaci\u00f3n sobre sus visitas a otros sitios web para dirigir anuncios de productos y servicios disponibles en Blockforia.com. Nosotros no controlamos el tipo de informaci\u00f3n recogida y almacenada por estas cookies de terceros. Debe consultar el sitio web del tercero para obtener m\u00e1s informaci\u00f3n sobre c\u00f3mo utilizan las cookies.<\/p>\n<p>Los siguientes son algunos ejemplos de informaci\u00f3n no personal que recopilamos y c\u00f3mo podemos utilizarla: Podemos recopilar y almacenar detalles sobre c\u00f3mo utiliza nuestros Servicios. Excepto en casos limitados para garantizar la calidad de nuestros Servicios a trav\u00e9s de Internet, dicha informaci\u00f3n no se asociar\u00e1 a su direcci\u00f3n IP. Podemos recopilar informaci\u00f3n como su idioma, c\u00f3digo postal, c\u00f3digo de \u00e1rea, identificador \u00fanico de dispositivo, URL de referencia, ubicaci\u00f3n y la zona horaria para que podamos entender mejor el comportamiento del cliente y mejorar nuestros Servicios. Podemos recopilar informaci\u00f3n sobre las actividades de los clientes en nuestro sitio web, que se utiliza para entender qu\u00e9 partes de nuestros Sitios y Servicios son de mayor inter\u00e9s. Estos datos son agregados, por lo que se consideran informaci\u00f3n no personal a los efectos de esta Pol\u00edtica de privacidad.<\/p>\n<h3>\u00bfQU\u00c9 TIPOS DE COOKIES UTILIZAMOS?<\/h3>\n<p>Utilizamos los siguientes tipos de cookies:<\/p>\n<p><strong>Cookies estrictamente necesarias<\/strong><\/p>\n<p>Estas cookies son esenciales porque le permiten moverse por nuestros Servicios y utilizar determinadas funciones de los mismos. Por ejemplo, las cookies estrictamente necesarias le permiten acceder a zonas seguras. Sin estas cookies, algunos Servicios no pueden prestarse.<\/p>\n<p><strong>Cookies de rendimiento\/anal\u00edticas<\/strong><\/p>\n<p>Estas cookies recopilan informaci\u00f3n sobre c\u00f3mo <span>se utiliza un sitio web. Por ejemplo, una cookie de rendimiento\/anal\u00edtica recopila informaci\u00f3n sobre las p\u00e1ginas a las que acude con m\u00e1s frecuencia, cu\u00e1nto tiempo pasa en esa p\u00e1gina o si recibe mensajes de error de determinadas p\u00e1ginas. Estas cookies no recogen informaci\u00f3n que le identifique. La informaci\u00f3n que recogen estas cookies es an\u00f3nima y s\u00f3lo se utiliza para mejorar el funcionamiento de nuestros Servicios.<\/span><\/p>\n<p><strong>Cookies de funcionalidad<\/strong><\/p>\n<p>Estas cookies nos permiten recordar las elecciones que realiza y adaptar nuestros Servicios para que podamos ofrecerle contenidos relevantes. Por ejemplo, una cookie de funcionalidad puede recordar sus preferencias (por ejemplo, la selecci\u00f3n de pa\u00eds o idioma), o su nombre de usuario.<\/p>\n<p><strong>Cookies de sesi\u00f3n<\/strong><\/p>\n<p>Utilizamos cookies de sesi\u00f3n cuando se accede a nuestro sitio web o a nuestros contenidos. Las cookies de sesi\u00f3n caducan y dejan de tener efecto cuando usted sale de su cuenta o cierra el navegador.<\/p>\n<h3>\u00bfCU\u00c1NTO TIEMPO PERMANECER\u00c1N LAS COOKIES EN MI DISPOSITIVO DE NAVEGACI\u00d3N?<\/h3>\n<p>El tiempo que una cookie permanecer\u00e1 en su dispositivo de navegaci\u00f3n depende de si se trata de una cookie \u00abpersistente\u00bb o de \u00absesi\u00f3n\u00bb. Las cookies de sesi\u00f3n s\u00f3lo permanecer\u00e1n en su dispositivo hasta que deje de navegar. Las cookies persistentes permanecen en su dispositivo de navegaci\u00f3n hasta que caducan o se borran (es decir, despu\u00e9s de que haya terminado de navegar).<\/p>\n<h3>\u00bfQU\u00c9 OTRAS TECNOLOG\u00cdAS SIMILARES UTILIZA BLOCKFORIA.COM?<\/h3>\n<p>Adem\u00e1s de las cookies, podemos utilizar otras tecnolog\u00edas similares, como las balizas web para realizar un seguimiento de los usuarios de nuestros Servicios. Las balizas web, o \u00abclear gifs\u00bb, son peque\u00f1os gr\u00e1ficos con un identificador \u00fanico, similares en su funci\u00f3n a las cookies. Se utilizan para rastrear los movimientos en l\u00ednea de los usuarios de la web.<\/p>\n<p>A diferencia de las cookies, que se almacenan en el disco duro del ordenador o dispositivo del usuario, los gifs transparentes se incrustan de forma invisible en las p\u00e1ginas web y tienen aproximadamente el tama\u00f1o del punto al final de esta frase. Nosotros y nuestro proveedor de servicios externo empleamos balizas web por las razones expuestas anteriormente (en el apartado \u00abCookies\u00bb), pero principalmente para ayudarnos a gestionar mejor el contenido de nuestros Servicios inform\u00e1ndonos de qu\u00e9 contenido es efectivo.<\/p>\n<p>Tambi\u00e9n podemos utilizar las llamadas <strong>\u00abFlash Cookies\u00bb <\/strong>(tambi\u00e9n conocidas como \u00abLocal Shared Objects o \u00abLSOs\u00bb) para recoger y almacenar informaci\u00f3n sobre su uso de nuestros servicios, prevenci\u00f3n de fraude y para otras operaciones del sitio.<\/p>\n<h3>\u00bfUTILIZA BLOCKFORIA.COM COOKIES PUBLICITARIAS?<\/h3>\n<p>Blockforia.com utiliza proveedores de servicios de terceros para mostrar publicidad en nuestros Servicios y servir publicidad en otros sitios de terceros que son m\u00e1s relevantes para usted o sus intereses. Tambi\u00e9n se utilizan para limitar el n\u00famero de veces que usted ve un anuncio, as\u00ed como para ayudar a medir la eficacia de la campa\u00f1a publicitaria. Recuerdan que usted ha visitado un sitio web y esta informaci\u00f3n puede ser compartida con otras organizaciones, como los anunciantes. Esto significa que despu\u00e9s de haber estado en nuestras p\u00e1ginas web, es posible que vea algunos anuncios sobre nuestros Servicios en otros lugares de Internet. La informaci\u00f3n recogida a trav\u00e9s de este proceso por los terceros proveedores de servicios no nos permite ni a nosotros ni a ellos identificar su nombre, datos de contacto u otra informaci\u00f3n personal que le identifique directamente, a menos que usted decida proporcionarlos. Dicha publicidad s\u00f3lo se entregar\u00e1 cuando lo permita la legislaci\u00f3n aplicable.<\/p>\n<h3>C\u00d3MO GESTIONAR LAS COOKIES, LAS TECNOLOG\u00cdAS SIMILARES Y LA PUBLICIDAD M\u00d3VIL EN L\u00cdNEA DIRIGIDA<\/h3>\n<p>Usted tiene derecho a decidir si acepta las cookies. Puede ejercer sus preferencias en relaci\u00f3n con las cookies servidas en nuestros Sitios siguiendo los pasos que se indican a continuaci\u00f3n.<\/p>\n<p><strong>Nuestras cookies (o \u201ccookies de origen\u201d)<\/strong><\/p>\n<p>Puede utilizar el navegador con el que est\u00e1 viendo este sitio web para activar, desactivar o eliminar las cookies. Para ello, siga las instrucciones que le proporcione su navegador (normalmente se encuentran en las opciones \u00abAyuda\u00bb, \u00abHerramientas\u00bb o \u00abEditar\u00bb). Tenga en cuenta que, si configura su navegador para desactivar las cookies, es posible que no pueda acceder a las zonas seguras del sitio. Asimismo, si desactiva las cookies, es posible que otras partes de los Servicios no funcionen correctamente. Puede encontrar m\u00e1s informaci\u00f3n sobre c\u00f3mo cambiar la configuraci\u00f3n de las cookies de su navegador en <span><a href=\"http:\/\/www.allaboutcookies.org\" target=\"_blank\" rel=\"noopener\">http:\/\/www.allaboutcookies.org<\/a>.<\/span><\/p>\n<p><strong>Publicidad m\u00f3vil<\/strong><\/p>\n<p>Puede optar por que no se utilicen sus identificadores de publicidad m\u00f3vil para determinados tipos de publicidad accediendo a la configuraci\u00f3n del dispositivo m\u00f3vil y siguiendo las instrucciones. Si opta por la exclusi\u00f3n, eliminaremos todos los datos sobre usted y no recopilaremos m\u00e1s datos. Se eliminar\u00e1 el identificador aleatorio que se le hab\u00eda asignado anteriormente. De este modo, si en un momento posterior decide optar por la inclusi\u00f3n, no podremos continuar ni rastrearle utilizando la ID anterior y, a efectos pr\u00e1cticos, usted ser\u00e1 un nuevo usuario.<\/p>\n<p><strong>Cookies de terceros<\/strong><\/p>\n<p>Para excluirse de las redes publicitarias de terceros y entidades similares que utilizan cookies de orientaci\u00f3n\/publicidad, vaya a <span><a href=\"http:\/\/www.aboutads.info\/choices\" target=\"_blank\" rel=\"noopener\">http:\/\/www.aboutads.info\/choices<\/a>. Una vez que haga clic en el enlace, podr\u00e1 optar por excluirse de dicha publicidad de todas las empresas publicitarias participantes o s\u00f3lo de la publicidad proporcionada por entidades publicitarias espec\u00edficas. Para m\u00e1s informaci\u00f3n sobre las redes publicitarias de terceros y entidades similares que utilizan estas tecnolog\u00edas, consulte <a href=\"http:\/\/www.aboutads.info\/consumers\" target=\"_blank\" rel=\"noopener\">http:\/\/www.aboutads.info\/consumers<\/a>.<\/span><\/p>\n<p><strong>No rastrear<\/strong><\/p>\n<p>Algunos navegadores de Internet -como Internet Explorer, Firefox y Safari- incluyen la posibilidad de transmitir se\u00f1ales \u00abDo Not Track\u00bb o \u00abDNT\u00bb. Dado que no se han adoptado normas uniformes para las se\u00f1ales \u00abDNT\u00bb, nuestros Sitios no procesan ni responden actualmente a las se\u00f1ales \u00abDNT\u00bb.<\/p>\n<p><strong>Cookies Flash<\/strong><\/p>\n<p>Si no desea que las Flash cookies se almacenen en su ordenador, puede ajustar la configuraci\u00f3n de su reproductor Flash para bloquear el almacenamiento de Flash cookies utilizando las herramientas contenidas en el panel de configuraci\u00f3n de almacenamiento del sitio web. Tambi\u00e9n puede controlar las Flash cookies accediendo al panel de configuraci\u00f3n de almacenamiento global y siguiendo las instrucciones. Configurar el reproductor Flash para restringir o limitar la aceptaci\u00f3n de Flash cookies puede reducir o impedir la funcionalidad de algunas aplicaciones Flash, incluidas, potencialmente, las aplicaciones Flash utilizadas en relaci\u00f3n con nuestros servicios o contenidos en l\u00ednea.<\/p>\n<h3>\u00bfSE ACTUALIZAR\u00c1 ESTA POL\u00cdTICA DE COOKIES?<\/h3>\n<p>Podemos actualizar este Aviso de cookies de vez en cuando para reflejar, por ejemplo, cambios en las cookies que utilizamos o por otras razones operativas, legales o reglamentarias. Si lo hacemos, se le notificar\u00e1 cuando visite nuestro sitio web por primera vez despu\u00e9s del cambio. Tambi\u00e9n puede volver a visitar esta p\u00e1gina si desea mantenerse informado.<\/p>\n","protected":false},"excerpt":{"rendered":"<p>Fecha de entrada en vigor: 25 de julio de 2022 Esta Pol\u00edtica de cookies explica c\u00f3mo utilizamos&#8230;<\/p>\n","protected":false},"author":3,"featured_media":0,"parent":0,"menu_order":0,"comment_status":"closed","ping_status":"closed","template":"","meta":{"_acf_changed":false,"footnotes":""},"class_list":["post-820","page","type-page","status-publish","hentry"],"acf":[],"_links":{"self":[{"href":"https:\/\/blockforia.com\/es\/wp-json\/wp\/v2\/pages\/820","targetHints":{"allow":["GET"]}}],"collection":[{"href":"https:\/\/blockforia.com\/es\/wp-json\/wp\/v2\/pages"}],"about":[{"href":"https:\/\/blockforia.com\/es\/wp-json\/wp\/v2\/types\/page"}],"author":[{"embeddable":true,"href":"https:\/\/blockforia.com\/es\/wp-json\/wp\/v2\/users\/3"}],"replies":[{"embeddable":true,"href":"https:\/\/blockforia.com\/es\/wp-json\/wp\/v2\/comments?post=820"}],"version-history":[{"count":1,"href":"https:\/\/blockforia.com\/es\/wp-json\/wp\/v2\/pages\/820\/revisions"}],"predecessor-version":[{"id":908,"href":"https:\/\/blockforia.com\/es\/wp-json\/wp\/v2\/pages\/820\/revisions\/908"}],"wp:attachment":[{"href":"https:\/\/blockforia.com\/es\/wp-json\/wp\/v2\/media?parent=820"}],"curies":[{"name":"wp","href":"https:\/\/api.w.org\/{rel}","templated":true}]}}