{"id":822,"date":"2023-08-18T09:59:39","date_gmt":"2023-08-18T09:59:39","guid":{"rendered":"https:\/\/blockforia.com\/general-risk-disclosure\/"},"modified":"2024-10-29T12:23:44","modified_gmt":"2024-10-29T12:23:44","slug":"general-risk-disclosure","status":"publish","type":"page","link":"https:\/\/blockforia.com\/es\/general-risk-disclosure\/","title":{"rendered":"Informaci\u00f3n general de riesgos"},"content":{"rendered":"<p>A continuaci\u00f3n, se le proporcionar\u00e1 informaci\u00f3n sobre los riesgos asociados a los productos de inversi\u00f3n, en los que puede invertir a trav\u00e9s de los servicios que le proporciona la plataforma de intercambio de <span>criptomonedas, Blockforia.com. Blockforia.com ofrece a los inversores la oportunidad de comprar criptomonedas, mantener dichas criptomonedas y posteriormente vender dichas criptomonedas.<\/span><\/p>\n<p>Todos estos productos conllevan un alto grado de riesgo y no son adecuados para muchos inversores. Este aviso le proporciona informaci\u00f3n sobre los riesgos asociados a estos productos, pero no puede explicarle todos los riesgos ni c\u00f3mo se relacionan dichos riesgos con sus circunstancias personales. En caso de duda, le recomendamos que solicite asesoramiento profesional. Es importante que entienda perfectamente los riesgos que conlleva antes de decidirse a operar con Blockforia.com y que disponga de los recursos financieros adecuados para soportar dichos riesgos y que supervise sus posiciones cuidadosamente. Operar implica riesgos para su capital. No debe invertir dinero que no pueda permitirse perder, sin embargo, no puede perder m\u00e1s que el capital de su cuenta.<\/p>\n<h3>IDONEIDAD<\/h3>\n<p>Antes de abrirle una cuenta, estamos obligados a evaluar si el producto o productos y\/o los servicios que ha elegido son adecuados para usted, y a advertirle si, sobre la base de la informaci\u00f3n que nos facilite, alg\u00fan producto o servicio no es adecuado. Si decide continuar y abrir una cuenta con nosotros, est\u00e1 confirmando que conoce y comprende los riesgos.<\/p>\n<h3>CONTROL DE POSICI\u00d3N<\/h3>\n<p>Adem\u00e1s, debe asegurarse de que puede supervisar las posiciones de su cuenta en todo momento, ya que usted es el \u00fanico responsable de ello. Nosotros no somos responsables de supervisar las posiciones en su cuenta.<\/p>\n<h3>EJECUCI\u00d3N<\/h3>\n<p>Aunque la plataforma de negociaci\u00f3n de Blockforia.com es avanzada y le ofrecemos la mejor ejecuci\u00f3n disponible, es posible que el precio del mercado haya cambiado entre la colocaci\u00f3n de la orden y el momento de la ejecuci\u00f3n, por lo que no podemos garantizar que el precio solicitado sea el mismo que el precio al que se ejecute la orden, el precio que reciba puede ser a su favor o en su contra.<\/p>\n<p>Adem\u00e1s, existen riesgos asociados al uso de los sistemas de ejecuci\u00f3n de operaciones y de negociaci\u00f3n en l\u00ednea, incluidos, entre otros, los fallos de software y hardware y la desconexi\u00f3n de Internet.<\/p>\n<h3>CRIPTOMONEDAS<\/h3>\n<p><strong>Riesgos de operar <\/strong>Dado que los mercados de <span>criptomonedas est\u00e1n descentralizados y no regulados, nuestros servicios de negociaci\u00f3n de criptomonedas son servicios no regulados que no se rigen por ning\u00fan marco normativo europeo espec\u00edfico (incluida la MIFID). Esto significa que no existe un banco central que pueda tomar medidas correctivas para proteger el valor de las criptomonedas en caso de crisis o emitir m\u00e1s divisas. Por lo tanto, cuando nuestros clientes utilicen nuestro servicio de negociaci\u00f3n de criptomonedas no se beneficiar\u00e1n de las protecciones disponibles para los clientes que reciben servicios de inversi\u00f3n regulados. Nuestros clientes seguir\u00e1n benefici\u00e1ndose de las normas relativas a la mejor ejecuci\u00f3n y al dinero de los clientes y la custodia de los activos de los clientes. Nos esforzaremos para que puedan beneficiarse de las normas relativas a la mejor ejecuci\u00f3n y a la custodia de los activos de los clientes.<\/span><\/p>\n<p>Los mercados de <span>criptomonedas est\u00e1n determinados \u00fanicamente por la oferta y la demanda. El mercado de las criptomonedas es un escenario din\u00e1mico y sus precios respectivos suelen ser altamente impredecibles y vol\u00e1tiles. Los precios de las criptomonedas no suelen ser transparentes y son altamente especulativos y susceptibles a la manipulaci\u00f3n del mercado. En el peor de los casos, el producto podr\u00eda quedar sin valor. Es importante distinguir entre las cotizaciones indicativas que aparecen en los gr\u00e1ficos y las cotizaciones negociables que aparecen en nuestra plataforma de negociaci\u00f3n. Las cotizaciones indicativas s\u00f3lo dan una indicaci\u00f3n de d\u00f3nde se encuentra el mercado. Dado que los mercados de criptomonedas est\u00e1n descentralizados, lo que significa que carecen de una \u00fanica bolsa central en la que se realicen todas las transacciones, cada creador de mercado puede cotizar precios ligeramente diferentes. Por lo tanto, cualquier precio mostrado en cualquier gr\u00e1fico puesto a disposici\u00f3n por nosotros o por un tercero s\u00f3lo reflejar\u00e1 precios \u00abindicativos\u00bb y no necesariamente precios reales de \u00abnegociaci\u00f3n\u00bb en los que se puedan ejecutar las operaciones. La operaci\u00f3n con criptomonedas es propensa a ser utilizada indebidamente para actividades ilegales debido al anonimato de las transacciones y los inversores se ver\u00edan afectados negativamente si las fuerzas del orden investigan supuestas actividades il\u00edcitas.<\/span><\/p>\n<p>En consecuencia, las <span>criptomonedas deben considerarse un activo de riesgo extremadamente alto y nunca debe invertir fondos que no pueda permitirse perder. Teniendo en cuenta lo anterior, las criptomonedas no son apropiadas para todos los inversores. No debe negociar con estos productos a menos que disponga de los conocimientos y la experiencia necesarios, comprenda sus caracter\u00edsticas y su exposici\u00f3n al riesgo. Tambi\u00e9n debe estar convencido de que el producto es adecuado para usted a la luz de sus circunstancias y su situaci\u00f3n financiera. Adem\u00e1s, el uso de nuestros servicios nunca puede considerarse una inversi\u00f3n segura, sino s\u00f3lo una inversi\u00f3n con un alto riesgo de p\u00e9rdida inherentemente asociado a ella. Adem\u00e1s, nuestro propio diferencial se a\u00f1ade a las cotizaciones en l\u00ednea, lo que hace que una operaci\u00f3n en nuestros sitios web sea a\u00fan m\u00e1s vol\u00e1til. El riesgo de p\u00e9rdida en la operaci\u00f3n de criptomonedas puede ser sustancial. Por lo tanto, debe considerar cuidadosamente si dicha negociaci\u00f3n es adecuada para usted a la luz de sus circunstancias y recursos financieros. Debe ser consciente de que puede sufrir una p\u00e9rdida total de los fondos de su Cuenta. Si el mercado se mueve en contra de su posici\u00f3n, es posible que le pidamos que proporcione una cantidad sustancial de fondos de margen adicionales, con poca antelaci\u00f3n, para mantener su posici\u00f3n. Si usted no proporciona los fondos requeridos en el plazo requerido por nosotros, su posici\u00f3n puede ser liquidada con p\u00e9rdidas, y usted ser\u00e1 responsable de cualquier d\u00e9ficit resultante en su cuenta. Actualmente Blockforia.com permite operar con criptomonedas durante el fin de semana y se reserva el derecho de no hacerlo. Dado que las bolsas de criptomonedas pueden operar durante los fines de semana, puede haber una diferencia significativa entre el cierre del viernes y la apertura del domingo. Todos estos factores pueden tener como consecuencia que usted no complete una orden en un d\u00eda de negociaci\u00f3n espec\u00edfico o que la complete a un precio sustancialmente menos favorable. En determinadas condiciones de mercado, puede resultarle dif\u00edcil o imposible liquidar una posici\u00f3n. Esto puede ocurrir, por ejemplo, cuando el mercado alcanza un l\u00edmite diario de fluctuaci\u00f3n de precios (\u201cmovimiento l\u00edmite\u201d), si no hay suficiente liquidez en el mercado.<\/span><\/p>\n<p><strong>Riesgos de la blockchain <\/strong>Dado que la blockchain es una red p\u00fablica independiente peer-to peer y no est\u00e1 controlada de ninguna manera o forma por Blockforia.com, Blockforia.com no ser\u00e1 responsable de ning\u00fan fallo y\/o error y\/o infracci\u00f3n que se produzca en la blockchain o en cualquier otra red en la que las <span>criptomonedas est\u00e9n siendo emitidas y\/o negociadas. Usted estar\u00e1 obligado y sujeto a cualquier cambio y\/o enmienda en el sistema blockchain y sujeto a cualquier ley aplicable que pueda aplicarse a la blockchain. No hacemos ninguna representaci\u00f3n o garant\u00eda de ning\u00fan tipo, expresa o impl\u00edcita, legal o de otro tipo, con respecto a la funcionalidad de la blockchain ni por cualquier violaci\u00f3n de la seguridad en la blockchain.<\/span><\/p>\n<p><strong>Funcionamiento de los protocolos de <span>criptomonedas <\/span><\/strong>Blockforia.com no posee ni controla los protocolos de software subyacentes que rigen el funcionamiento de las <span>criptomonedas disponibles para operar en nuestra plataforma. En general, los protocolos subyacentes son de c\u00f3digo abierto y cualquiera puede utilizarlos, copiarlos, modificarlos y distribuirlos. Blockforia.com no es responsable del funcionamiento de los protocolos subyacentes y Blockforia.com no garantiza su funcionalidad, seguridad o disponibilidad. Los protocolos subyacentes est\u00e1n sujetos a cambios repentinos en las reglas de funcionamiento (\u00abForks\u00bb), y tales Forks pueden afectar materialmente el valor, la funci\u00f3n, y\/o incluso el nombre de la criptomoneda que Blockforia.com mantiene para su beneficio.<\/span><\/p>\n<p><strong>Riesgos de <span>criptomonedas mantenidas por usted o por terceros<\/span><\/strong> Podemos optar por ejecutar cualquier orden y\/o mantener dinero fiduciario y <span>criptomonedas a trav\u00e9s de terceros. Dichos terceros no son bancos que mantienen su dinero fiat\/divisa virtual como dep\u00f3sito. Si cualquiera de dichos Terceros pierde dinero, quiebra o quiebra, no existe ninguna protecci\u00f3n legal espec\u00edfica que le cubra de las p\u00e9rdidas derivadas de los fondos que pueda haber mantenido con dicho Tercero, incluso cuando dicho Tercero est\u00e9 registrado ante una autoridad nacional. Dependiendo de la estructura y la seguridad del monedero digital, algunos pueden ser vulnerables a los hackeos, dando lugar al robo de la divisa virtual o a la p\u00e9rdida de los activos del cliente. Blockforia.com no ser\u00e1 responsable en caso de p\u00e9rdidas causadas por dichos terceros.<\/span><\/p>\n<p><strong>Exclusi\u00f3n de la cotizaci\u00f3n y\/o <span>criptomonedas no admitidas <\/span><\/strong>Si en alg\u00fan momento alguna de las <span>criptomonedas objeto de su orden es excluida de la cotizaci\u00f3n y\/o dejamos de admitir la negociaci\u00f3n de dichas criptomonedas por cualquier motivo, la orden correspondiente se cerrar\u00e1 inmediatamente.<\/span><\/p>\n<h3>TRADING AUTOMATIZADO Y RIESGOS DE INTERNET<\/h3>\n<p>Mientras opera en nuestra p\u00e1gina web y\/o aplicaciones, pueden producirse errores en el sistema. Debe ser consciente de los riesgos que pueden derivarse de cualquier fallo del sistema, lo que podr\u00eda suponer que su orden se retrase o fracase.<\/p>\n<p>Usted reconoce que existen riesgos asociados a la utilizaci\u00f3n de un sistema de negociaci\u00f3n basado en Internet, incluidos, entre otros, el fallo del hardware, del software y de las conexiones a Internet, el riesgo de introducci\u00f3n de software malicioso, el riesgo de que terceros puedan obtener acceso no autorizado a la informaci\u00f3n y\/o a los activos (incluidas sus <span>criptomonedas) almacenados en su nombre, ciberataque, fallo de la red de criptomonedas (como la blockchain), virus inform\u00e1ticos, fallos de comunicaci\u00f3n, interrupciones, errores, distorsiones o retrasos que pueda experimentar al operar a trav\u00e9s de los Servicios, cualquiera que sea su causa, spyware, scareware, troyanos, gusanos u otros programas maliciosos que puedan afectar a su ordenador u otro equipo, o cualquier ataque de suplantaci\u00f3n de identidad (phishing), suplantaci\u00f3n de identidad (spoofing) u otros ataques. Tambi\u00e9n debe ser consciente de que los servicios de SMS y correo electr\u00f3nico son vulnerables a los ataques de suplantaci\u00f3n de identidad y phishing y debe tener cuidado al revisar los mensajes que supuestamente se originan en Blockforia.com.<\/span><\/p>\n<h3>TASAS Y COSTES<\/h3>\n<p>Nuestras tarifas y gastos se exponen en nuestra p\u00e1gina web Blockforia.com en la secci\u00f3n \u00abTarifas y precios\u00bb. Por favor, conozca todos los costes y cargos que se le aplican, ya que dichos costes y cargos afectar\u00e1n a su rentabilidad.<\/p>\n<h3>INFORMACI\u00d3N<\/h3>\n<p>Cualquier opini\u00f3n, noticia, investigaci\u00f3n, an\u00e1lisis, precios u otra informaci\u00f3n contenida en este sitio web se proporciona como comentario general sobre el mercado, y no constituye asesoramiento de inversi\u00f3n. Blockforia.com no ser\u00e1 responsable de ninguna p\u00e9rdida derivada de cualquier inversi\u00f3n basada en cualquier recomendaci\u00f3n, previsi\u00f3n u otra informaci\u00f3n proporcionada.<\/p>\n<h3>RESULTADOS ANTERIORES<\/h3>\n<p>El rendimiento pasado no es indicativo del rendimiento futuro. El valor de las inversiones puede bajar tanto como subir.<\/p>\n<h3>RIESGO DE DIVISAS<\/h3>\n<p>Sus compras en Blockforia.com pueden cargarse en <span>divisas fiduciarias, mientras que las transacciones pueden realizarse en criptomonedas. Estas \u00faltimas conllevan una gran volatilidad. Por ello, debe ser consciente de las fluctuaciones de las divisas.<\/span><\/p>\n","protected":false},"excerpt":{"rendered":"<p>A continuaci\u00f3n, se le proporcionar\u00e1 informaci\u00f3n sobre los riesgos asociados a los productos de inversi\u00f3n, en los&#8230;<\/p>\n","protected":false},"author":3,"featured_media":0,"parent":0,"menu_order":0,"comment_status":"closed","ping_status":"closed","template":"","meta":{"_acf_changed":false,"footnotes":""},"class_list":["post-822","page","type-page","status-publish","hentry"],"acf":[],"_links":{"self":[{"href":"https:\/\/blockforia.com\/es\/wp-json\/wp\/v2\/pages\/822","targetHints":{"allow":["GET"]}}],"collection":[{"href":"https:\/\/blockforia.com\/es\/wp-json\/wp\/v2\/pages"}],"about":[{"href":"https:\/\/blockforia.com\/es\/wp-json\/wp\/v2\/types\/page"}],"author":[{"embeddable":true,"href":"https:\/\/blockforia.com\/es\/wp-json\/wp\/v2\/users\/3"}],"replies":[{"embeddable":true,"href":"https:\/\/blockforia.com\/es\/wp-json\/wp\/v2\/comments?post=822"}],"version-history":[{"count":2,"href":"https:\/\/blockforia.com\/es\/wp-json\/wp\/v2\/pages\/822\/revisions"}],"predecessor-version":[{"id":912,"href":"https:\/\/blockforia.com\/es\/wp-json\/wp\/v2\/pages\/822\/revisions\/912"}],"wp:attachment":[{"href":"https:\/\/blockforia.com\/es\/wp-json\/wp\/v2\/media?parent=822"}],"curies":[{"name":"wp","href":"https:\/\/api.w.org\/{rel}","templated":true}]}}