{"id":824,"date":"2023-08-18T09:59:53","date_gmt":"2023-08-18T09:59:53","guid":{"rendered":"https:\/\/blockforia.com\/manual-account-opening\/"},"modified":"2025-01-22T09:35:24","modified_gmt":"2025-01-22T09:35:24","slug":"manual-account-opening","status":"publish","type":"page","link":"https:\/\/blockforia.com\/es\/manual-account-opening\/","title":{"rendered":"Creaci\u00f3n Manual de Cuentas"},"content":{"rendered":"<p><strong>Todos los ciudadanos de la UE\/EEE pueden solicitar la apertura de una cuenta en Blockforia.com. El registro de la cuenta es r\u00e1pido, gratuito y sencillo. Tener una cuenta con Blockforia tambi\u00e9n es gratis, es decir, no hay cuotas recurrentes. Con su cuenta, puede comprar, vender y transferir Bitcoin en nuestra principal plataforma de intercambio de Bitcoin.<\/strong><\/p>\n<p>Bfinance EOOD Haciendo Negocios Como Blockforia es auditada rutinariamente por la Direcci\u00f3n de Inteligencia Financiera B\u00falgara &#8211; Agencia Estatal para la Seguridad Nacional-FID-SANS, y como tal, Blockforia est\u00e1 sujeta a la legislaci\u00f3n b\u00falgara sobre <span>criptomonedas.<\/span><\/p>\n<p>Si desea solicitar una cuenta, env\u00ede la siguiente informaci\u00f3n a nuestro equipo de atenci\u00f3n al cliente:<\/p>\n<ul>\n<li><span>Su direcci\u00f3n de correo electr\u00f3nico<\/span><\/li>\n<li><span>Su nombre completo<\/span><\/li>\n<li><span>Su direcci\u00f3n, incluido el pa\u00eds<\/span><\/li>\n<li><span>Su n\u00famero de tel\u00e9fono, incluido el prefijo del pa\u00eds (por ejemplo: +45 900-500-300)<\/span><\/li>\n<li><span>Escaneado de alta resoluci\u00f3n de su pasaporte<\/span><\/li>\n<li><span>Una foto suya de alta resoluci\u00f3n, sosteniendo su pasaporte y una nota con la fecha de hoy y la palabra \u00abBlockforia\u00bb &#8211; por ejemplo \u00ab31\/12\/2020 Blockforia\u00bb.<\/span><\/li>\n<li><span>Justificante de domicilio en forma de dos facturas escaneadas de servicios p\u00fablicos, como la factura de la luz\/electricidad, el alquiler, el tel\u00e9fono m\u00f3vil, etc. La factura de servicios p\u00fablicos debe estar a su nombre y ser de los \u00faltimos 3 meses.<\/span><\/li>\n<\/ul>\n<p>Debe <span>presentar toda la informaci\u00f3n. En caso contrario, la solicitud ser\u00e1 rechazada.<\/span><\/p>\n<p>Suponiendo que toda la informaci\u00f3n est\u00e9 presente, su solicitud se tramitar\u00e1 en un plazo de 3 a 7 d\u00edas. Verificaremos toda la informaci\u00f3n que nos facilite. Si la solicitud es aprobada, generaremos una contrase\u00f1a de un solo uso y se la enviaremos a su direcci\u00f3n de correo electr\u00f3nico.<\/p>\n<p>Al solicitar una cuenta con Blockforia, usted acepta nuestros T\u00e9rminos y Condiciones, que se encuentran <span><a href=\"\/?page_id=148\">aqu\u00ed<\/a>.<\/span><\/p>\n<p>Pa\u00edses desde los que admitimos registros:<\/p>\n<ul>\n<li><span>Austria<\/span><\/li>\n<li>Argentina<\/li>\n<li><span>B\u00e9lgica<\/span><\/li>\n<li><span>Bulgaria<\/span><\/li>\n<li>Brasil<\/li>\n<li><span>Croacia<\/span><\/li>\n<li><span>Rep\u00fablica de Chipre<\/span><\/li>\n<li><span>Rep\u00fablica Checa<\/span><\/li>\n<li><span>Dinamarca<\/span><\/li>\n<li><span>Estonia<\/span><\/li>\n<li><span>Finlandia<\/span><\/li>\n<li><span>Francia<\/span><\/li>\n<li><span>Alemania<\/span><\/li>\n<li><span>Grecia<\/span><\/li>\n<li><span>Hungr\u00eda<\/span><\/li>\n<li><span>Islandia<\/span><\/li>\n<li><span>Irlanda<\/span><\/li>\n<li><span>Italia<\/span><\/li>\n<li><span>Letonia<\/span><\/li>\n<li><span>Liechtenstein<\/span><\/li>\n<li><span>Lituania<\/span><\/li>\n<li><span>Luxemburgo<\/span><\/li>\n<li><span>Malta<\/span><\/li>\n<li><span>Pa\u00edses Bajos<\/span><\/li>\n<li><span>Noruega<\/span><\/li>\n<li><span>Polonia<\/span><\/li>\n<li><span>Portugal<\/span><\/li>\n<li><span>Ruman\u00eda<\/span><\/li>\n<li><span>Eslovaquia<\/span><\/li>\n<li><span>Eslovenia<\/span><\/li>\n<li><span>Espa\u00f1a<\/span><\/li>\n<li><span>Suecia<\/span><\/li>\n<li><span>Suiza<\/span><\/li>\n<\/ul>\n","protected":false},"excerpt":{"rendered":"<p>Todos los ciudadanos de la UE\/EEE pueden solicitar la apertura de una cuenta en Blockforia.com. El registro&#8230;<\/p>\n","protected":false},"author":3,"featured_media":0,"parent":0,"menu_order":0,"comment_status":"closed","ping_status":"closed","template":"","meta":{"_acf_changed":false,"footnotes":""},"class_list":["post-824","page","type-page","status-publish","hentry"],"acf":[],"_links":{"self":[{"href":"https:\/\/blockforia.com\/es\/wp-json\/wp\/v2\/pages\/824","targetHints":{"allow":["GET"]}}],"collection":[{"href":"https:\/\/blockforia.com\/es\/wp-json\/wp\/v2\/pages"}],"about":[{"href":"https:\/\/blockforia.com\/es\/wp-json\/wp\/v2\/types\/page"}],"author":[{"embeddable":true,"href":"https:\/\/blockforia.com\/es\/wp-json\/wp\/v2\/users\/3"}],"replies":[{"embeddable":true,"href":"https:\/\/blockforia.com\/es\/wp-json\/wp\/v2\/comments?post=824"}],"version-history":[{"count":4,"href":"https:\/\/blockforia.com\/es\/wp-json\/wp\/v2\/pages\/824\/revisions"}],"predecessor-version":[{"id":1950,"href":"https:\/\/blockforia.com\/es\/wp-json\/wp\/v2\/pages\/824\/revisions\/1950"}],"wp:attachment":[{"href":"https:\/\/blockforia.com\/es\/wp-json\/wp\/v2\/media?parent=824"}],"curies":[{"name":"wp","href":"https:\/\/api.w.org\/{rel}","templated":true}]}}