{"id":826,"date":"2023-08-18T10:00:05","date_gmt":"2023-08-18T10:00:05","guid":{"rendered":"https:\/\/blockforia.com\/pricing-and-fees-disclosure\/"},"modified":"2025-12-03T04:56:38","modified_gmt":"2025-12-03T04:56:38","slug":"pricing-and-fees-disclosure","status":"publish","type":"page","link":"https:\/\/blockforia.com\/es\/pricing-and-fees-disclosure\/","title":{"rendered":"Informaci\u00f3n sobre precios y comisiones"},"content":{"rendered":"<p><strong>A continuaci\u00f3n, encontrar\u00e1 un resumen de todas las tasas que cobramos y no cobramos en Blockforia.<\/strong><\/p>\n<p><strong>Servicio de monedero<\/strong><\/p>\n<p>Bfinance EOOD Haciendo Negocios Como Blockforia ofrece nuestro servicio de monedero centralizado de criptomonedas de forma gratuita. Esto significa que almacenaremos sus activos digitales sin coste alguno para usted. \u00abCriptomoneda\u00bb significa cualquier criptomoneda actualmente soportada por Blockforia. No cobramos por transferir criptomonedas de un monedero a otro. Blockforia incurre y paga las tasas de transacci\u00f3n de red, tales como las tasas de mineros, para las transacciones en las redes de criptomonedas (es decir, las transferencias de criptomonedas fuera de la plataforma Blockforia). Para estas transacciones Blockforia le cobrar\u00e1 una comisi\u00f3n basada en nuestra estimaci\u00f3n de las tasas de transacci\u00f3n de red que anticipamos pagar por cada transacci\u00f3n. En determinadas circunstancias, la comisi\u00f3n que Blockforia pague puede diferir de dicha estimaci\u00f3n. El cargo total que pague se le comunicar\u00e1 en el momento de realizar la transacci\u00f3n.<\/p>\n<p><strong>Transacciones de compra\/venta<\/strong><\/p>\n<p>Adem\u00e1s de enviar o recibir criptomonedas a trav\u00e9s de Blockforia, los clientes pueden comprar o vender una sola criptomonedas (una \u00abcompra de criptomonedas\u00bb o una \u00abventa de criptomonedas\u00bb).<\/p>\n<p>Cuando usted solicita comprar o vender una transacci\u00f3n de criptomonedas, Blockforia intentar\u00e1 cumplir esa orden, ya sea liquidando directamente hacia sus propios fondos o hacia un proveedor de liquidez a trav\u00e9s de una API de intercambio de terceros.<\/p>\n<p>En cualquier caso, Blockforia establece el tipo de cambio a\u00f1adiendo un margen (\u00abspread\u00bb). Normalmente, Blockforia cobra un diferencial de alrededor del 2% para las compras. Sin embargo, el diferencial real puede ser mayor o menor debido a las fluctuaciones del mercado en el precio de la criptomoneda en Blockforia entre el momento en que cotizamos un precio y el momento en que se ejecuta la orden.<\/p>\n<p>Blockforia tambi\u00e9n puede cobrar una comisi\u00f3n aparte (adem\u00e1s del diferencial) que puede ser una comisi\u00f3n fija o un porcentaje de la transacci\u00f3n (la \u00abComisi\u00f3n Blockforia\u00bb). Las Comisiones de Blockforia pueden variar en funci\u00f3n de su ubicaci\u00f3n, perfil de riesgo, m\u00e9todo de pago y otras circunstancias.<\/p>\n<p>En algunos casos, podemos cobrar una comisi\u00f3n adicional por las transferencias desde y hacia su cuenta bancaria.<\/p>\n<p>Siempre le notificaremos todas las Comisiones de Blockforia (sin incluir el margen) y cualquier otra comisi\u00f3n de servicio que se aplique a cada transacci\u00f3n inmediatamente antes de que usted con\ufb01rme cada transacci\u00f3n y en el recibo que le emitimos inmediatamente despu\u00e9s de que se haya procesado cada transacci\u00f3n. Si se utiliza criptomoneda para una transacci\u00f3n o compra, el destinatario puede optar por asumir parte o la totalidad de las comisiones (\u201cComisi\u00f3n de participaci\u00f3n\u201d).<\/p>\n<p>En algunos casos, su banco puede cobrar comisiones adicionales por las transferencias entre su cuenta bancaria y su cuenta Blockforia. Tenga en cuenta que su banco puede cobrar comisiones adicionales por compras con tarjeta de cr\u00e9dito. Para evitar estas comisiones, use una tarjeta de d\u00e9bito.<\/p>\n<p>Blockforia se reserva el derecho de rechazar una transacci\u00f3n si Blockforia no puede completar una orden correspondiente debido a cambios en el precio de mercado de una criptomoneda, una orden que exceda el tama\u00f1o m\u00e1ximo de la orden, o una orden que se agote debido a un tiempo de respuesta lento del servidor. En raras circunstancias, el tipo de cambio puede no estar disponible debido a interrupciones o mantenimiento programado. Con el fin de proporcionarle servicios ininterrumpidos en esos momentos, podemos obtener datos de precios de mercado de bolsas de divisas no fiables.<\/p>\n<p><strong>L\u00edmites y tasas<\/strong><\/p>\n<p><strong>Compras<\/strong><\/p>\n<table>\n<tbody>\n<tr>\n<td>Importe m\u00ednimo<\/td>\n<td>20,00 EUR<\/td>\n<\/tr>\n<tr>\n<td>Importe m\u00e1ximo<\/td>\n<td>5.000,00 EUR<\/td>\n<\/tr>\n<\/tbody>\n<\/table>\n<p>&nbsp;<\/p>\n<p><strong>Retirada de criptomonedas (transferencia)<\/strong><\/p>\n<table>\n<tbody>\n<tr>\n<td>Cuota de retirada del monedero Blockchain<\/td>\n<td>Gratis*.<\/td>\n<\/tr>\n<tr>\n<td>Importe m\u00ednimo de retirada del monedero Blockchain<\/td>\n<td>0,001 BTC<\/td>\n<\/tr>\n<tr>\n<td>Comisi\u00f3n de retirada de monedero interno (en la plataforma)<\/td>\n<td>Gratis<\/td>\n<\/tr>\n<tr>\n<td>Importe m\u00ednimo de retirada del monedero interno<\/td>\n<td>Sin m\u00ednimo<\/td>\n<\/tr>\n<\/tbody>\n<\/table>\n<p><em>*S\u00f3lo se aplicar\u00e1n tasas de <\/em>extracci\u00f3n<\/p>\n<p>&nbsp;<\/p>\n<p><strong>Actividad<\/strong><\/p>\n<table>\n<tbody>\n<tr>\n<td>Creaci\u00f3n de cuenta<\/td>\n<td>Gratis<\/td>\n<\/tr>\n<tr>\n<td>Creaci\u00f3n de monedero<\/td>\n<td>Gratis<\/td>\n<\/tr>\n<\/tbody>\n<\/table>\n<p>&nbsp;<\/p>\n","protected":false},"excerpt":{"rendered":"<p>A continuaci\u00f3n, encontrar\u00e1 un resumen de todas las tasas que cobramos y no cobramos en Blockforia. Servicio&#8230;<\/p>\n","protected":false},"author":3,"featured_media":0,"parent":0,"menu_order":0,"comment_status":"closed","ping_status":"closed","template":"","meta":{"_acf_changed":false,"footnotes":""},"class_list":["post-826","page","type-page","status-publish","hentry"],"acf":[],"_links":{"self":[{"href":"https:\/\/blockforia.com\/es\/wp-json\/wp\/v2\/pages\/826","targetHints":{"allow":["GET"]}}],"collection":[{"href":"https:\/\/blockforia.com\/es\/wp-json\/wp\/v2\/pages"}],"about":[{"href":"https:\/\/blockforia.com\/es\/wp-json\/wp\/v2\/types\/page"}],"author":[{"embeddable":true,"href":"https:\/\/blockforia.com\/es\/wp-json\/wp\/v2\/users\/3"}],"replies":[{"embeddable":true,"href":"https:\/\/blockforia.com\/es\/wp-json\/wp\/v2\/comments?post=826"}],"version-history":[{"count":5,"href":"https:\/\/blockforia.com\/es\/wp-json\/wp\/v2\/pages\/826\/revisions"}],"predecessor-version":[{"id":1982,"href":"https:\/\/blockforia.com\/es\/wp-json\/wp\/v2\/pages\/826\/revisions\/1982"}],"wp:attachment":[{"href":"https:\/\/blockforia.com\/es\/wp-json\/wp\/v2\/media?parent=826"}],"curies":[{"name":"wp","href":"https:\/\/api.w.org\/{rel}","templated":true}]}}