{"id":805,"date":"2023-08-18T09:59:24","date_gmt":"2023-08-18T09:59:24","guid":{"rendered":"https:\/\/blockforia.com\/cookie-policy\/"},"modified":"2024-10-26T06:17:31","modified_gmt":"2024-10-26T06:17:31","slug":"cookie-policy","status":"publish","type":"page","link":"https:\/\/blockforia.com\/pt-pt\/cookie-policy\/","title":{"rendered":"Pol\u00edtica de Cookies"},"content":{"rendered":"<p>Data de Efetiva\u00e7\u00e3o: 25 de julho de 2022<\/p>\n<p>Esta Pol\u00edtica de Cookies explica como usamos cookies e tecnologias semelhantes quando voc\u00ea visita nossos sites localizados em Blockforia.com ou quaisquer outros sites, p\u00e1ginas, recursos ou conte\u00fado que possu\u00edmos ou operamos (coletivamente, os \u201cSites\u201d) e\/ou interage com an\u00fancios online ou e-mails de marketing da Blockforia.com (coletivamente, os \u201cServi\u00e7os\u201d). Ela explica o que s\u00e3o essas tecnologias e por que as usamos, bem como seus direitos de controlar nosso uso delas.<\/p>\n<p>Em alguns casos, podemos usar cookies e tecnologias semelhantes para coletar informa\u00e7\u00f5es pessoais, ou informa\u00e7\u00f5es que se tornam informa\u00e7\u00f5es pessoais se as combinarmos com outras informa\u00e7\u00f5es. Em tais casos, a Pol\u00edtica de Privacidade da Blockforia ser\u00e1 aplicada al\u00e9m desta Pol\u00edtica de Cookies.<\/p>\n<h3>O QUE S\u00c3O COOKIES?<\/h3>\n<p>Cookies s\u00e3o pequenos arquivos, geralmente de letras e n\u00fameros, baixados para seu computador ou dispositivo m\u00f3vel quando voc\u00ea visita determinados sites. Quando voc\u00ea retorna a esses sites ou visita outros que usam os mesmos cookies, os sites reconhecem esses cookies e seu dispositivo de navega\u00e7\u00e3o. Um cookie n\u00e3o pode ler dados do seu disco r\u00edgido ou ler arquivos de cookies criados por outros sites.<\/p>\n<p>Os cookies definidos pelo operador do site s\u00e3o chamados de \u201ccookies prim\u00e1rios\u201d. Aqueles definidos por terceiros que n\u00e3o o operador do site s\u00e3o chamados de \u201ccookies de terceiros\u201d. As partes que definem cookies de terceiros podem reconhecer seu computador quando ele visita a Blockforia.com e outros determinados sites e\/ou apps mobile.<\/p>\n<p>Tratamos as informa\u00e7\u00f5es coletadas por cookies e outras tecnologias como informa\u00e7\u00f5es n\u00e3o pessoais. No entanto, na medida em que endere\u00e7os IP ou identificadores semelhantes s\u00e3o considerados informa\u00e7\u00f5es pessoais pela lei local, tamb\u00e9m tratamos esses identificadores como informa\u00e7\u00f5es pessoais. Se combinarmos informa\u00e7\u00f5es n\u00e3o pessoais com informa\u00e7\u00f5es pessoais, as informa\u00e7\u00f5es combinadas ser\u00e3o tratadas como informa\u00e7\u00f5es pessoais enquanto permanecerem combinadas.<\/p>\n<p>Mais informa\u00e7\u00f5es sobre cookies e seus usos podem ser encontradas em <a href=\"https:\/\/www.aboutcookies.org\/\" target=\"_blank\" rel=\"noopener\">www.aboutcookies.org <\/a>ou <a href=\"https:\/\/www.allaboutcookies.org\/\" target=\"_blank\" rel=\"noopener\">www.allaboutcookies.org<\/a>.<\/p>\n<h3>POR QUE USAMOS COOKIES?<\/h3>\n<p>Quando voc\u00ea acessa nossos Servi\u00e7os, n\u00f3s ou empresas com as quais trabalhamos, podemos colocar cookies em seu computador ou outro dispositivo. Essas tecnologias nos ajudam a entender melhor o comportamento do usu\u00e1rio e nos informam sobre quais partes de nossos sites as pessoas visitaram.<\/p>\n<p>Usamos cookies pr\u00f3prios e de terceiros para reconhec\u00ea-lo como um cliente da Blockforia.com, personalizar os servi\u00e7os, o conte\u00fado e a publicidade da Blockforia.com, medir a efic\u00e1cia promocional e coletar informa\u00e7\u00f5es sobre seu computador ou outro dispositivo de acesso para mitigar riscos, ajudar a prevenir fraudes e promover confian\u00e7a e seguran\u00e7a.<\/p>\n<p>Podemos colocar cookies de provedores de servi\u00e7os terceirizados que podem usar informa\u00e7\u00f5es sobre seus acessos para outros sites para direcionar an\u00fancios de produtos e servi\u00e7os dispon\u00edveis na Blockforia.com. N\u00e3o controlamos os tipos de informa\u00e7\u00f5es coletadas e armazenadas por esses cookies de terceiros. Voc\u00ea deve verificar o site do terceiro para obter mais informa\u00e7\u00f5es sobre como eles usam os cookies.<\/p>\n<p>A seguir est\u00e3o alguns exemplos de informa\u00e7\u00f5es n\u00e3o pessoais que coletamos e como podemos us\u00e1-las: Podemos coletar e armazenar detalhes de como voc\u00ea usa nossos servi\u00e7os. Exceto em casos limitados para garantir a qualidade de nossos Servi\u00e7os pela internet, tais informa\u00e7\u00f5es n\u00e3o ser\u00e3o associadas ao seu endere\u00e7o IP. Podemos coletar informa\u00e7\u00f5es como seu idioma, c\u00f3digo postal, c\u00f3digo de \u00e1rea, identificador exclusivo do dispositivo, URL de refer\u00eancia, localiza\u00e7\u00e3o e fuso hor\u00e1rio para que possamos entender melhor o comportamento do cliente e melhorar nossos Servi\u00e7os. Podemos coletar informa\u00e7\u00f5es sobre as atividades do cliente em nosso site, que s\u00e3o usadas para entender quais partes de nossos Sites e Servi\u00e7os s\u00e3o de maior interesse. Esses dados s\u00e3o agregados e, portanto, considerados informa\u00e7\u00f5es n\u00e3o pessoais para os prop\u00f3sitos desta Pol\u00edtica de Privacidade.<\/p>\n<h3>QUE TIPOS DE COOKIES USAMOS?<\/h3>\n<p>Utilizamos os seguintes tipos de cookies:<\/p>\n<p><strong>Cookies Estritamente Necess\u00e1rios<\/strong><\/p>\n<p>Esses cookies s\u00e3o essenciais porque permitem que voc\u00ea navegue pelos nossos Servi\u00e7os e use determinados recursos dos nossos Servi\u00e7os. Por exemplo, cookies estritamente necess\u00e1rios permitem que voc\u00ea acesse \u00e1reas seguras. Sem eles, alguns servi\u00e7os n\u00e3o podem ser fornecidos.<\/p>\n<p><strong>Cookies de Desempenho\/Anal\u00edticos<\/strong><\/p>\n<p>Esses cookies coletam informa\u00e7\u00f5es sobre como voc\u00ea usa um site. Por exemplo, um cookie de desempenho\/anal\u00edtico coletar\u00e1 informa\u00e7\u00f5es sobre quais p\u00e1ginas voc\u00ea acessa com mais frequ\u00eancia, quanto tempo voc\u00ea gasta nessa p\u00e1gina ou se voc\u00ea recebe mensagens de erro de certas p\u00e1ginas. Esses cookies n\u00e3o coletam informa\u00e7\u00f5es que o identifiquem. As informa\u00e7\u00f5es coletadas s\u00e3o an\u00f4nimas e usadas apenas para melhorar o funcionamento dos nossos Servi\u00e7os.<\/p>\n<p><strong>Cookies de Funcionalidade<\/strong><\/p>\n<p>Esses cookies nos permitem lembrar das escolhas que voc\u00ea faz e personalizar nossos Servi\u00e7os para oferecermos um conte\u00fado relevante para voc\u00ea. Por exemplo, um cookie de funcionalidade pode lembrar suas prefer\u00eancias (como sele\u00e7\u00e3o de pa\u00eds ou idioma) ou seu nome de usu\u00e1rio.<\/p>\n<p><strong>Cookies de Sess\u00e3o<\/strong><\/p>\n<p>Usamos cookies de sess\u00e3o quando voc\u00ea acessa nosso site ou conte\u00fado. Os cookies de sess\u00e3o expiram e n\u00e3o t\u00eam mais efeito quando voc\u00ea sai da sua conta ou fecha o navegador.<\/p>\n<h3>POR QUANTO TEMPO OS COOKIES FICAR\u00c3O NO MEU DISPOSITIVO DE NAVEGA\u00c7\u00c3O?<\/h3>\n<p>O tempo que um cookie permanecer\u00e1 no seu dispositivo de navega\u00e7\u00e3o depende se ele \u00e9 um cookie \u201cpersistente\u201d ou \u201cde sess\u00e3o\u201d. Os cookies de sess\u00e3o permanecer\u00e3o no seu dispositivo somente at\u00e9 voc\u00ea parar de navegar. Os persistentes permanecem no seu dispositivo de navega\u00e7\u00e3o at\u00e9 que expirem ou sejam exclu\u00eddos (ou seja, ap\u00f3s voc\u00ea encerrar sua navega\u00e7\u00e3o).<\/p>\n<h3>QUAIS OUTRAS TECNOLOGIAS SEMELHANTES A BLOCKFORIA.COM USA?<\/h3>\n<p>Al\u00e9m dos cookies, podemos usar outras tecnologias semelhantes, como web beacons para rastrear usu\u00e1rios de nossos Servi\u00e7os. Web beacons, ou \u201cclear gifs\u201d, s\u00e3o pequenos gr\u00e1ficos com um identificador exclusivo, semelhante aos cookies. Eles s\u00e3o usados para rastrear os movimentos online de usu\u00e1rios da web.<\/p>\n<p>Em contraste com os cookies, que s\u00e3o armazenados no disco r\u00edgido do computador ou dispositivo do usu\u00e1rio, os clear gifs s\u00e3o incorporados de forma invis\u00edvel em p\u00e1ginas da web e t\u00eam aproximadamente o tamanho do ponto final desta frase. N\u00f3s e nosso provedor de servi\u00e7os terceirizado empregamos web beacons pelos motivos declarados acima (em &#8220;Cookies&#8221;), mas principalmente para nos ajudar a gerenciar melhor o conte\u00fado de nossos Servi\u00e7os, informando-nos qual conte\u00fado \u00e9 eficaz.<\/p>\n<p>Tamb\u00e9m podemos usar os chamados <strong>\u201cFlash Cookies\u201d <\/strong>(tamb\u00e9m conhecidos como \u201cLocal Shared Objects\u201d ou \u201cLSOs\u201d) para coletar e armazenar informa\u00e7\u00f5es sobre o uso de nossos servi\u00e7os, preven\u00e7\u00e3o de fraudes e para outras opera\u00e7\u00f5es do site.<\/p>\n<h3>A BLOCKFORIA.COM USA COOKIES DE PUBLICIDADE?<\/h3>\n<p>A Blockforia.com usa provedores de servi\u00e7os terceirizados para exibir an\u00fancios em nossos Servi\u00e7os e veicular an\u00fancios em outros sites de terceiros que sejam mais relevantes para voc\u00ea ou seus interesses. Eles tamb\u00e9m s\u00e3o usados para limitar o n\u00famero de vezes que voc\u00ea v\u00ea um an\u00fancio, bem como ajudar a medir a efic\u00e1cia da campanha publicit\u00e1ria. Eles lembram que voc\u00ea visitou um site e essas informa\u00e7\u00f5es podem ser compartilhadas com outras organiza\u00e7\u00f5es, como anunciantes. Isso significa que depois de visitar nossos sites, voc\u00ea pode ver alguns an\u00fancios sobre nossos Servi\u00e7os em outros lugares na Internet. As informa\u00e7\u00f5es coletadas por meio desse processo pelos provedores de servi\u00e7os terceirizados n\u00e3o permitem com que n\u00f3s ou eles identifiquem seu nome, detalhes de contato ou outras informa\u00e7\u00f5es pessoais que o identifiquem diretamente, a menos que voc\u00ea opte por fornec\u00ea-los. Essa publicidade s\u00f3 ser\u00e1 entregue quando permitida pela lei aplic\u00e1vel.<\/p>\n<h3>COMO GERENCIAR COOKIES, TECNOLOGIAS SEMELHANTES E PUBLICIDADE M\u00d3VEL ONLINE DIRECIONADA<\/h3>\n<p>Voc\u00ea pode decidir se aceita cookies ou n\u00e3o. Voc\u00ea pode exercer suas prefer\u00eancias em rela\u00e7\u00e3o aos cookies servidos em nossos sites seguindo as etapas descritas abaixo.<\/p>\n<p><strong>Nossos Cookies (ou \u201cCookies Prim\u00e1rios\u201d)<\/strong><\/p>\n<p>Voc\u00ea pode, atrav\u00e9s do navegador utilizado neste momento, habilitar, desativar ou excluir cookies. Para fazer isso, siga as instru\u00e7\u00f5es fornecidas pelo seu navegador (geralmente localizadas nas configura\u00e7\u00f5es de \u201cAjuda\u201d, \u201cFerramentas\u201d ou \u201cEditar\u201d). Observe que, se voc\u00ea configurar seu navegador para desabilitar cookies, talvez n\u00e3o consiga acessar \u00e1reas seguras do Site. Al\u00e9m disso, se voc\u00ea desabilitar cookies, outras partes dos servi\u00e7os podem n\u00e3o funcionar corretamente. \u00c9 poss\u00edvel encontrar mais informa\u00e7\u00f5es sobre como alterar as configura\u00e7\u00f5es de cookies do seu navegador em <a href=\"http:\/\/www.allaboutcookies.org\/\" target=\"_blank\" rel=\"noopener\">http:\/\/www.allaboutcookies.org<\/a>.<\/p>\n<p><strong>Publicidade M\u00f3vel<\/strong><\/p>\n<p>Voc\u00ea pode optar por n\u00e3o ter seus identificadores de publicidade m\u00f3vel usados para certos tipos de publicidade acessando as configura\u00e7\u00f5es no dispositivo m\u00f3vel e seguindo as instru\u00e7\u00f5es. Caso opte por n\u00e3o participar, removeremos todos os dados sobre voc\u00ea e n\u00e3o iremos mais colet\u00e1-los. O ID aleat\u00f3rio atribu\u00eddo a voc\u00ea anteriormente ser\u00e1 removido. Assim, se futuramente, voc\u00ea decidir optar por participar, n\u00e3o poderemos continuar e rastre\u00e1-lo usando o ID anterior e voc\u00ea ser\u00e1, para todos os efeitos pr\u00e1ticos, um novo usu\u00e1rio.<\/p>\n<p><strong>Cookies de Terceiros<\/strong><\/p>\n<p>Para cancelar o recebimento de redes de publicidade de terceiros e entidades semelhantes que usam cookies de segmenta\u00e7\u00e3o\/publicidade, acesse <a href=\"http:\/\/www.aboutads.info\/choices\" target=\"_blank\" rel=\"noopener\">http:\/\/www.aboutads.info\/choices<\/a>. Ap\u00f3s clicar no link, voc\u00ea pode optar por cancelar o recebimento de tais an\u00fancios de todas as empresas de publicidade participantes ou apenas an\u00fancios fornecidos por entidades de publicidade espec\u00edficas. Para mais informa\u00e7\u00f5es sobre redes de publicidade de terceiros e entidades semelhantes que usam essas tecnologias, por favor consulte <a href=\"http:\/\/www.aboutads.info\/consumers\" target=\"_blank\" rel=\"noopener\">http:\/\/www.aboutads.info\/consumers<\/a>.<\/p>\n<p><strong>DNT &#8211; N\u00e3o Rastrear<\/strong><\/p>\n<p>Alguns navegadores de internet \u2013 como Internet Explorer, Firefox e Safari \u2013 incluem a capacidade de transmitir sinais \u201cN\u00e3o Rastrear\u201d ou \u201cDNT\u201d. Como padr\u00f5es uniformes para sinais \u201cDNT\u201d n\u00e3o foram adotados, nossos Sites n\u00e3o processam ou respondem atualmente a sinais \u201cDNT\u201d.<\/p>\n<p><strong>Flash Cookies<\/strong><\/p>\n<p>Se voc\u00ea n\u00e3o quiser que Flash Cookies sejam armazenados em seu computador, voc\u00ea pode ajustar as configura\u00e7\u00f5es do seu Flash player para bloquear o armazenamento de Flash Cookies usando as ferramentas contidas no painel de configura\u00e7\u00f5es de armazenamento do site. Voc\u00ea tamb\u00e9m pode controlar Flash Cookies indo para o painel de configura\u00e7\u00f5es de armazenamento global e seguindo as instru\u00e7\u00f5es. Definir o Flash Player para restringir ou limitar a aceita\u00e7\u00e3o de Flash Cookies pode reduzir ou impedir a funcionalidade de alguns aplicativos Flash, incluindo, potencialmente, aplicativos Flash usados em conex\u00e3o com nossos servi\u00e7os ou conte\u00fado online.<\/p>\n<h3>ESTA POL\u00cdTICA DE COOKIES SER\u00c1 ATUALIZADA?<\/h3>\n<p>Podemos atualizar este documento de tempos em tempos para refletir, por exemplo, altera\u00e7\u00f5es nos cookies que usamos ou por outros motivos operacionais, legais ou regulat\u00f3rios. Caso o fa\u00e7amos, voc\u00ea ser\u00e1 notificado quando visitar nosso site pela primeira vez ap\u00f3s a altera\u00e7\u00e3o. Voc\u00ea tamb\u00e9m pode acessar novamente esta p\u00e1gina caso deseje se manter informado.<\/p>\n","protected":false},"excerpt":{"rendered":"<p>Data de Efetiva\u00e7\u00e3o: 25 de julho de 2022 Esta Pol\u00edtica de Cookies explica como usamos cookies e&#8230;<\/p>\n","protected":false},"author":3,"featured_media":0,"parent":0,"menu_order":0,"comment_status":"closed","ping_status":"closed","template":"","meta":{"_acf_changed":false,"footnotes":""},"class_list":["post-805","page","type-page","status-publish","hentry"],"acf":[],"_links":{"self":[{"href":"https:\/\/blockforia.com\/pt-pt\/wp-json\/wp\/v2\/pages\/805","targetHints":{"allow":["GET"]}}],"collection":[{"href":"https:\/\/blockforia.com\/pt-pt\/wp-json\/wp\/v2\/pages"}],"about":[{"href":"https:\/\/blockforia.com\/pt-pt\/wp-json\/wp\/v2\/types\/page"}],"author":[{"embeddable":true,"href":"https:\/\/blockforia.com\/pt-pt\/wp-json\/wp\/v2\/users\/3"}],"replies":[{"embeddable":true,"href":"https:\/\/blockforia.com\/pt-pt\/wp-json\/wp\/v2\/comments?post=805"}],"version-history":[{"count":1,"href":"https:\/\/blockforia.com\/pt-pt\/wp-json\/wp\/v2\/pages\/805\/revisions"}],"predecessor-version":[{"id":837,"href":"https:\/\/blockforia.com\/pt-pt\/wp-json\/wp\/v2\/pages\/805\/revisions\/837"}],"wp:attachment":[{"href":"https:\/\/blockforia.com\/pt-pt\/wp-json\/wp\/v2\/media?parent=805"}],"curies":[{"name":"wp","href":"https:\/\/api.w.org\/{rel}","templated":true}]}}