{"id":807,"date":"2023-08-18T09:59:39","date_gmt":"2023-08-18T09:59:39","guid":{"rendered":"https:\/\/blockforia.com\/general-risk-disclosure\/"},"modified":"2025-01-21T16:09:31","modified_gmt":"2025-01-21T16:09:31","slug":"general-risk-disclosure","status":"publish","type":"page","link":"https:\/\/blockforia.com\/pt-pt\/general-risk-disclosure\/","title":{"rendered":"Divulga\u00e7\u00e3o Geral de Riscos"},"content":{"rendered":"<p>Este aviso fornece a voc\u00ea informa\u00e7\u00f5es sobre os riscos associados a produtos de investimento nos quais voc\u00ea pode investir atrav\u00e9s dos servi\u00e7os que lhe s\u00e3o fornecidos pela plataforma de exchange de criptomoedas Blockforia.com. A Blockforia.com oferece aos investidores a oportunidade de comprar criptomoedas, guard\u00e1-las e, posteriormente, vend\u00ea-las.<\/p>\n<p>Todos esses produtos carregam um alto grau de risco e n\u00e3o s\u00e3o adequados para muitos investidores. Este aviso fornece informa\u00e7\u00f5es sobre os riscos associados a esses produtos, mas n\u00e3o \u00e9 capaz de explicar todos os riscos nem como eles se relacionam com suas circunst\u00e2ncias pessoais. Se voc\u00ea estiver em d\u00favida, deve buscar aconselhamento profissional. \u00c9 importante que voc\u00ea entenda completamente os riscos envolvidos antes de decidir negociar com a Blockforia.com, que possua recursos financeiros adequados para suportar tais riscos e que monitore suas posi\u00e7\u00f5es cuidadosamente. Negociar envolve risco para seu capital. Voc\u00ea n\u00e3o deve investir dinheiro que n\u00e3o pode perder, no entanto, n\u00e3o pode perder mais do que o saldo em sua conta.<\/p>\n<h3>ADEQUA\u00c7\u00c3O<\/h3>\n<p>Antes de abrirmos uma conta para voc\u00ea, realizamos uma avalia\u00e7\u00e3o se o(s) produto(s) e\/ou servi\u00e7os que voc\u00ea escolheu s\u00e3o apropriados para voc\u00ea, e avisamos se, com base nas informa\u00e7\u00f5es que voc\u00ea nos fornece, qualquer produto ou servi\u00e7o seja inapropriado. Caso decida continuar e abrir uma conta conosco, voc\u00ea confirma que est\u00e1 ciente e compreende os riscos envolvidos.<\/p>\n<h3>MONITORAMENTO DE POSI\u00c7\u00c3O<\/h3>\n<p>Voc\u00ea deve garantir ainda que \u00e9 capaz de monitorar posi\u00e7\u00f5es em sua conta o tempo todo, pois voc\u00ea \u00e9 o \u00fanico respons\u00e1vel por faz\u00ea-lo. N\u00e3o somos respons\u00e1veis por monitorar posi\u00e7\u00f5es em sua conta.<\/p>\n<h3>EXECU\u00c7\u00c3O<\/h3>\n<p>Embora a plataforma de negocia\u00e7\u00e3o Blockforia.com seja avan\u00e7ada e ofere\u00e7amos a voc\u00ea a melhor execu\u00e7\u00e3o dispon\u00edvel, \u00e9 poss\u00edvel que o pre\u00e7o de mercado tenha mudado entre a coloca\u00e7\u00e3o da ordem e o momento da execu\u00e7\u00e3o e, portanto, n\u00e3o podemos garantir que o pre\u00e7o solicitado ser\u00e1 o mesmo que aquele pelo qual a ordem \u00e9 executada. O pre\u00e7o que voc\u00ea recebe pode ser favor\u00e1vel ou n\u00e3o a voc\u00ea.<\/p>\n<p>Al\u00e9m disso, h\u00e1 riscos associados ao uso de sistemas de execu\u00e7\u00e3o de neg\u00f3cios e negocia\u00e7\u00e3o on-line, incluindo, mas n\u00e3o se limitando a, falhas de software e hardware e desconex\u00e3o da internet.<\/p>\n<h3>CRIPTOMOEDAS<\/h3>\n<p><strong>Riscos de negocia\u00e7\u00e3o. <\/strong>Como os mercados de criptomoedas s\u00e3o descentralizados e n\u00e3o regulamentados, nossos Servi\u00e7os de Negocia\u00e7\u00e3o de Criptomoedas n\u00e3o s\u00e3o regidos por nenhuma estrutura regulat\u00f3ria europeia espec\u00edfica (incluindo MIFID). Isso significa que n\u00e3o h\u00e1 um banco central que possa tomar medidas corretivas para proteger o valor das criptomoedas em uma poss\u00edvel crise ou emitir mais moeda. Portanto, quando nossos clientes estiverem usando nosso Servi\u00e7o de Negocia\u00e7\u00e3o de Criptomoedas, eles n\u00e3o se beneficiar\u00e3o das prote\u00e7\u00f5es dispon\u00edveis para clientes que utilizam servi\u00e7os de investimento regulamentados. Nossos usu\u00e1rios continuar\u00e3o a se beneficiar das regras relacionadas \u00e0 melhor execu\u00e7\u00e3o e guarda de ativos e dinheiro do cliente. N\u00f3s nos esfor\u00e7amos para permitir que voc\u00ea se beneficie das regras relacionadas \u00e0 melhor execu\u00e7\u00e3o e guarda de ativos.<\/p>\n<p>Os mercados de criptomoedas s\u00e3o determinados apenas pela demanda e oferta. Este mercado \u00e9 uma arena din\u00e2mica e seus respectivos pre\u00e7os s\u00e3o muitas vezes altamente imprevis\u00edveis e vol\u00e1teis. Os pre\u00e7os das criptomoedas geralmente n\u00e3o s\u00e3o transparentes, s\u00e3o altamente especulativos e suscet\u00edveis \u00e0 manipula\u00e7\u00e3o do mercado. No pior cen\u00e1rio, o produto pode se tornar in\u00fatil. \u00c9 importante fazer uma distin\u00e7\u00e3o entre pre\u00e7os indicativos que s\u00e3o exibidos em gr\u00e1ficos e pre\u00e7os negoci\u00e1veis que s\u00e3o exibidos em nossa plataforma de negocia\u00e7\u00e3o. As cota\u00e7\u00f5es indicativas apenas apontam para onde o mercado est\u00e1. Como os mercados de criptomoedas s\u00e3o descentralizados, o que significa que n\u00e3o h\u00e1 uma \u00fanica exchange central onde todas as transa\u00e7\u00f5es s\u00e3o conduzidas, cada formador de mercado pode cotar pre\u00e7os ligeiramente diferentes. Portanto, quaisquer pre\u00e7os exibidos em qualquer gr\u00e1fico disponibilizado por n\u00f3s ou por terceiros refletir\u00e3o apenas pre\u00e7os &#8220;indicativos&#8221; e n\u00e3o necessariamente pre\u00e7os de &#8220;negocia\u00e7\u00e3o&#8221; reais onde as negocia\u00e7\u00f5es podem ser executadas. A negocia\u00e7\u00e3o de criptomoedas \u00e9 propensa a ser mal utilizada para atividades ilegais devido ao anonimato das transa\u00e7\u00f5es e os investidores seriam afetados negativamente se as ag\u00eancias de aplica\u00e7\u00e3o da lei investigassem quaisquer supostas atividades il\u00edcitas.<\/p>\n<p>Consequentemente, as criptomoedas devem ser vistas como um ativo de risco extremamente alto e voc\u00ea nunca deve investir um valor que n\u00e3o possa perder. Dado o exposto, as criptomoedas n\u00e3o s\u00e3o apropriadas para todos os investidores. Voc\u00ea n\u00e3o deve negociar com esses produtos a menos que tenha o conhecimento e a experi\u00eancia necess\u00e1rios, entenda as caracter\u00edsticas desses produtos e sua exposi\u00e7\u00e3o ao risco. Voc\u00ea tamb\u00e9m deve estar ciente de que o produto \u00e9 adequado para voc\u00ea de acordo com suas circunst\u00e2ncias e posi\u00e7\u00e3o financeira. Al\u00e9m disso, o uso de nossos Servi\u00e7os nunca pode ser considerado um investimento seguro, mas apenas um investimento com alto risco de perda inerentemente associado a ele. Al\u00e9m disso, nosso pr\u00f3prio <em>spread <\/em>\u00e9 adicionado \u00e0s cota\u00e7\u00f5es online, o que torna uma negocia\u00e7\u00e3o em nossos sites ainda mais vol\u00e1til. O risco de perda na negocia\u00e7\u00e3o de criptomoedas pode ser substancial. Voc\u00ea deve, portanto, considerar cuidadosamente se tal negocia\u00e7\u00e3o \u00e9 adequada para voc\u00ea e seu contexto financeiro. Voc\u00ea deve estar ciente de que pode sofrer uma perda total dos fundos em sua conta. Caso o mercado se mova contra sua posi\u00e7\u00e3o, voc\u00ea pode ser chamado por n\u00f3s para fornecer uma quantia substancial de fundos de margem adicionais, em curto prazo, a fim de manter sua posi\u00e7\u00e3o. Se voc\u00ea n\u00e3o fornecer os fundos necess\u00e1rios dentro do prazo exigido, sua posi\u00e7\u00e3o poder\u00e1 ser liquidada com preju\u00edzo, e voc\u00ea ser\u00e1 respons\u00e1vel por qualquer d\u00e9ficit resultante em sua conta. A Blockforia.com atualmente permite a negocia\u00e7\u00e3o de criptomoedas no fim de semana e reserva-se o direito de n\u00e3o faz\u00ea-lo. Dado que as exchanges de criptomoedas podem operar nos fins de semana, pode haver uma diferen\u00e7a significativa entre o fechamento de sexta-feira e a abertura de domingo. Todos esses fatores podem resultar em voc\u00ea n\u00e3o concluir uma ordem em um dia de negocia\u00e7\u00e3o espec\u00edfico ou concluir uma ordem em um pre\u00e7o substancialmente menos favor\u00e1vel. Sob certas condi\u00e7\u00f5es de mercado, voc\u00ea pode achar dif\u00edcil ou imposs\u00edvel liquidar uma posi\u00e7\u00e3o. Isso pode ocorrer, por exemplo, quando o mercado atinge um limite de flutua\u00e7\u00e3o de pre\u00e7o di\u00e1rio (\u201climit move\u201d), se n\u00e3o houver liquidez suficiente no mercado.<\/p>\n<p><strong>Riscos da Blockchain. <\/strong>Como a blockchain \u00e9 uma rede peer-to-peer p\u00fablica independente e n\u00e3o \u00e9 controlada de nenhuma forma pela Blockforia.com, a exchange n\u00e3o ser\u00e1 respons\u00e1vel por nenhuma falha e\/ou erro e\/ou viola\u00e7\u00e3o que ocorrer\u00e1 na blockchain ou em quaisquer outras redes nas quais as criptomoedas estejam sendo emitidas e\/ou negociadas. Voc\u00ea estar\u00e1 vinculado e sujeito a qualquer altera\u00e7\u00e3o e\/ou emendas no sistema blockchain e sujeito a qualquer lei que possa se aplicar \u00e0 blockchain. N\u00e3o fazemos nenhuma representa\u00e7\u00e3o ou garantia de qualquer tipo, expressa ou impl\u00edcita, estatut\u00e1ria ou de outra forma, em rela\u00e7\u00e3o \u00e0 funcionalidade da blockchain nem por qualquer viola\u00e7\u00e3o de seguran\u00e7a na blockchain.<\/p>\n<p><strong>Opera\u00e7\u00e3o de Protocolos de Criptomoeda. <\/strong>A Blockforia.com n\u00e3o possui ou controla os protocolos de software subjacentes que governam a opera\u00e7\u00e3o de criptomoedas dispon\u00edveis para negocia\u00e7\u00e3o em nossa plataforma. Em geral, os protocolos subjacentes s\u00e3o de c\u00f3digo aberto e qualquer um pode us\u00e1-los, copi\u00e1-los, modific\u00e1-los e distribu\u00ed-los. A Blockforia.com n\u00e3o \u00e9 respons\u00e1vel pela opera\u00e7\u00e3o dos protocolos subjacentes e n\u00e3o garante sua funcionalidade, seguran\u00e7a ou disponibilidade. Os protocolos subjacentes est\u00e3o sujeitos a mudan\u00e7as repentinas nas regras operacionais (\u201cForks\u201d), e tais Forks podem afetar materialmente o valor, a fun\u00e7\u00e3o e\/ou at\u00e9 mesmo o nome da criptomoeda que a Blockforia.com mant\u00e9m para seu benef\u00edcio.<\/p>\n<p><strong>Riscos de Criptomoedas mantida por voc\u00ea ou Terceiros. <\/strong>Podemos optar por executar qualquer ordem e\/ou manter qualquer moeda fiduci\u00e1ria e criptomoedas por meio de Terceiros. Esses Terceiros n\u00e3o s\u00e3o bancos que mant\u00eam seu dinheiro fiduci\u00e1rio\/moeda virtual como dep\u00f3sito. Se qualquer Terceiro perder dinheiro, falir ou sair do mercado, n\u00e3o h\u00e1 prote\u00e7\u00e3o legal espec\u00edfica que o cubra por perdas decorrentes de quaisquer fundos que voc\u00ea possa ter mantido com tal Terceiro, mesmo quando tal parte estiver registrada em uma autoridade nacional. Dependendo da estrutura e da seguran\u00e7a da carteira digital, algumas podem ser vulner\u00e1veis a hacks, resultando no roubo de moeda virtual ou perda de ativos do cliente. A Blockforia.com n\u00e3o ser\u00e1 respons\u00e1vel em caso de perdas causadas por esses Terceiros.<\/p>\n<p><strong>Remo\u00e7\u00e3o da lista e\/ou criptomoedas n\u00e3o suportadas. <\/strong>Se, a qualquer momento, qualquer uma das criptomoedas que constituem o objeto do seu pedido for removida da lista e\/ou n\u00e3o oferecermos mais suporte \u00e0 negocia\u00e7\u00e3o dessas criptomoedas por qualquer motivo, o pedido aplic\u00e1vel ser\u00e1 imediatamente encerrado.<\/p>\n<h3>RISCOS DA INTERNET E NEGOCIA\u00c7\u00c3O AUTOMATIZADA<\/h3>\n<p>Ao negociar em nosso site e\/ou aplicativos, erros de sistema podem ocorrer. Voc\u00ea deve estar ciente dos riscos que podem resultar de qualquer falha de sistema, o que pode significar que seu pedido pode atrasar ou falhar.<\/p>\n<p>Voc\u00ea reconhece que h\u00e1 riscos associados \u00e0 utiliza\u00e7\u00e3o de um sistema de negocia\u00e7\u00e3o baseado na internet, incluindo, mas n\u00e3o se limitando a, falha de hardware, software e conex\u00f5es de rede, risco de introdu\u00e7\u00e3o de software malicioso, risco de que terceiros possam obter acesso n\u00e3o autorizado a informa\u00e7\u00f5es e\/ou ativos (incluindo suas criptomoedas) armazenados em seu nome, ataque cibern\u00e9tico, falha de rede de criptomoedas (como blockchain), v\u00edrus de computador, falhas de comunica\u00e7\u00e3o, interrup\u00e7\u00f5es, erros, distor\u00e7\u00f5es ou atrasos que voc\u00ea pode experimentar ao negociar por meio dos Servi\u00e7os, independentemente da causa, spyware, scareware, cavalos de Troia, worms ou outro malware que possa afetar seu computador ou outro equipamento, ou qualquer phishing, spoofing ou outro poss\u00edvel ataque. Voc\u00ea tamb\u00e9m deve estar ciente de que os servi\u00e7os de SMS e e-mail s\u00e3o vulner\u00e1veis a ataques de spoofing e phishing e deve ter cuidado ao revisar mensagens que pretendam ser da Blockforia.com.<\/p>\n<h3>TAXAS E CUSTOS<\/h3>\n<p>Nossas taxas e encargos s\u00e3o definidos em nosso site Blockforia.com na se\u00e7\u00e3o &#8216;Taxas e Pre\u00e7os&#8217;. Esteja ciente de todos os custos e encargos que se aplicam a voc\u00ea, porque eles afetar\u00e3o sua lucratividade.<\/p>\n<h3>INFORMA\u00c7\u00d5ES<\/h3>\n<p>Quaisquer opini\u00f5es, not\u00edcias, pesquisas, an\u00e1lises, pre\u00e7os ou outras informa\u00e7\u00f5es contidas neste site s\u00e3o fornecidas como coment\u00e1rios gerais de mercado e n\u00e3o constituem um conselho de investimento. A Blockforia.com n\u00e3o ser\u00e1 respons\u00e1vel por nenhuma perda decorrente de qualquer investimento com base em qualquer recomenda\u00e7\u00e3o, previs\u00e3o ou outra informa\u00e7\u00e3o fornecida.<\/p>\n<h3>DESEMPENHO PASSADO<\/h3>\n<p>Desempenho passado n\u00e3o \u00e9 indica\u00e7\u00e3o de desempenho futuro. O valor dos investimentos pode cair, como tamb\u00e9m subir.<\/p>\n<h3>RISCO MONET\u00c1RIO<\/h3>\n<p>Suas compras na Blockforia.com podem ser debitadas de moedas fiduci\u00e1rias, enquanto as transa\u00e7\u00f5es podem ser realizadas em criptomoedas. Estas \u00faltimas carregam grande volatilidade. Como tal, voc\u00ea deve estar ciente das flutua\u00e7\u00f5es cambiais.<\/p>\n","protected":false},"excerpt":{"rendered":"<p>Este aviso fornece a voc\u00ea informa\u00e7\u00f5es sobre os riscos associados a produtos de investimento nos quais voc\u00ea&#8230;<\/p>\n","protected":false},"author":3,"featured_media":0,"parent":0,"menu_order":0,"comment_status":"closed","ping_status":"closed","template":"","meta":{"_acf_changed":false,"footnotes":""},"class_list":["post-807","page","type-page","status-publish","hentry"],"acf":[],"_links":{"self":[{"href":"https:\/\/blockforia.com\/pt-pt\/wp-json\/wp\/v2\/pages\/807","targetHints":{"allow":["GET"]}}],"collection":[{"href":"https:\/\/blockforia.com\/pt-pt\/wp-json\/wp\/v2\/pages"}],"about":[{"href":"https:\/\/blockforia.com\/pt-pt\/wp-json\/wp\/v2\/types\/page"}],"author":[{"embeddable":true,"href":"https:\/\/blockforia.com\/pt-pt\/wp-json\/wp\/v2\/users\/3"}],"replies":[{"embeddable":true,"href":"https:\/\/blockforia.com\/pt-pt\/wp-json\/wp\/v2\/comments?post=807"}],"version-history":[{"count":3,"href":"https:\/\/blockforia.com\/pt-pt\/wp-json\/wp\/v2\/pages\/807\/revisions"}],"predecessor-version":[{"id":1936,"href":"https:\/\/blockforia.com\/pt-pt\/wp-json\/wp\/v2\/pages\/807\/revisions\/1936"}],"wp:attachment":[{"href":"https:\/\/blockforia.com\/pt-pt\/wp-json\/wp\/v2\/media?parent=807"}],"curies":[{"name":"wp","href":"https:\/\/api.w.org\/{rel}","templated":true}]}}