{"id":809,"date":"2023-08-18T09:59:53","date_gmt":"2023-08-18T09:59:53","guid":{"rendered":"https:\/\/blockforia.com\/manual-account-opening\/"},"modified":"2025-01-22T09:33:33","modified_gmt":"2025-01-22T09:33:33","slug":"manual-account-opening","status":"publish","type":"page","link":"https:\/\/blockforia.com\/pt-pt\/manual-account-opening\/","title":{"rendered":"Abertura de Conta Manual"},"content":{"rendered":"<p><strong>Todos os cidad\u00e3os da UE\/EEE podem solicitar a abertura de uma conta na Blockforia.com. O registro da conta \u00e9 r\u00e1pido, f\u00e1cil e gratuito. Manter uma conta na Blockforia tamb\u00e9m \u00e9 gratuito, ou seja, n\u00e3o h\u00e1 taxas recorrentes. Com sua conta, voc\u00ea pode comprar, vender e transferir Bitcoin em nossa plataforma de troca de Bitcoin premier.<\/strong><\/p>\n<p>A Bfinance EOOD Dba. Blockforia \u00e9 auditada regularmente pela Diretoria de Intelig\u00eancia Financeira da Bulg\u00e1ria &#8211; Ag\u00eancia Estatal de Seguran\u00e7a Nacional (FID-SANS) e, como tal, a Blockforia est\u00e1 sujeita \u00e0 legisla\u00e7\u00e3o b\u00falgara sobre criptomoedas.<\/p>\n<p>Se voc\u00ea deseja solicitar uma abertura de conta, envie as seguintes informa\u00e7\u00f5es para nossa equipe de Suporte ao Cliente:<\/p>\n<ul>\n<li>Seu endere\u00e7o de e-mail<\/li>\n<li>Seu nome completo<\/li>\n<li>Seu endere\u00e7o, incluindo pa\u00eds<\/li>\n<li>Seu n\u00famero de telefone, incluindo o c\u00f3digo do pa\u00eds (por exemplo: +55 99 9989 9899)<\/li>\n<li>Digitaliza\u00e7\u00e3o em alta resolu\u00e7\u00e3o do seu passaporte<\/li>\n<li>Uma foto sua em alta resolu\u00e7\u00e3o, segurando seu passaporte e um bilhete com a data de hoje e a palavra \u201cBlockforia\u201d \u2013 por exemplo \u201c31\/12\/2020 Blockforia\u201d<\/li>\n<li>Comprovante de endere\u00e7o na forma de duas contas de servi\u00e7os p\u00fablicos digitalizadas, como conta de luz, aluguel, telefone celular, etc. A conta de servi\u00e7os p\u00fablicos deve estar em seu nome e ter sido emitida nos \u00faltimos 3 meses.<\/li>\n<\/ul>\n<p>Todas as informa\u00e7\u00f5es devem ser enviadas. N\u00e3o fazer isso resultar\u00e1 na rejei\u00e7\u00e3o da abertura de conta.<\/p>\n<p>Supondo que todas as informa\u00e7\u00f5es estejam presentes, seu registro ser\u00e1 processado dentro de 3 a 7 dias. Verificaremos todas as informa\u00e7\u00f5es que voc\u00ea fornecer. Caso a inscri\u00e7\u00e3o seja aprovada, ser\u00e1 gerada uma senha de uso \u00fanico e a enviaremos para seu endere\u00e7o de e-mail.<\/p>\n<p>Ao solicitar uma conta na Blockforia, voc\u00ea aceita nossos Termos e Condi\u00e7\u00f5es, conforme contidos <a href=\"\/?page_id=148\">aqui<\/a>.<\/p>\n<p>Suportamos registros dos seguintes pa\u00edses:<\/p>\n<ul>\n<li>\u00c1ustria<\/li>\n<li>Argentina<\/li>\n<li>B\u00e9lgica<\/li>\n<li>Brasil<\/li>\n<li>Bulg\u00e1ria<\/li>\n<li>Cro\u00e1cia<\/li>\n<li>Rep\u00fablica de Chipre<\/li>\n<li>Rep\u00fablica Checa<\/li>\n<li>Dinamarca<\/li>\n<li>Est\u00f4nia<\/li>\n<li>Finl\u00e2ndia<\/li>\n<li>Fran\u00e7a<\/li>\n<li>Alemanha<\/li>\n<li>Gr\u00e9cia<\/li>\n<li>Hungria<\/li>\n<li>Isl\u00e2ndia<\/li>\n<li>Irlanda<\/li>\n<li>It\u00e1lia<\/li>\n<li>Let\u00f4nia<\/li>\n<li>Liechtenstein<\/li>\n<li>Litu\u00e2nia<\/li>\n<li>Luxemburgo<\/li>\n<li>Malta<\/li>\n<li>Holanda<\/li>\n<li>Noruega<\/li>\n<li>Pol\u00f4nia<\/li>\n<li>Portugal<\/li>\n<li>Rom\u00eania<\/li>\n<li>Eslov\u00e1quia<\/li>\n<li>Eslov\u00eania<\/li>\n<li>Espanha<\/li>\n<li>Su\u00e9cia<\/li>\n<li>Su\u00ed\u00e7a<\/li>\n<\/ul>\n","protected":false},"excerpt":{"rendered":"<p>Todos os cidad\u00e3os da UE\/EEE podem solicitar a abertura de uma conta na Blockforia.com. O registro da&#8230;<\/p>\n","protected":false},"author":3,"featured_media":0,"parent":0,"menu_order":0,"comment_status":"closed","ping_status":"closed","template":"","meta":{"_acf_changed":false,"footnotes":""},"class_list":["post-809","page","type-page","status-publish","hentry"],"acf":[],"_links":{"self":[{"href":"https:\/\/blockforia.com\/pt-pt\/wp-json\/wp\/v2\/pages\/809","targetHints":{"allow":["GET"]}}],"collection":[{"href":"https:\/\/blockforia.com\/pt-pt\/wp-json\/wp\/v2\/pages"}],"about":[{"href":"https:\/\/blockforia.com\/pt-pt\/wp-json\/wp\/v2\/types\/page"}],"author":[{"embeddable":true,"href":"https:\/\/blockforia.com\/pt-pt\/wp-json\/wp\/v2\/users\/3"}],"replies":[{"embeddable":true,"href":"https:\/\/blockforia.com\/pt-pt\/wp-json\/wp\/v2\/comments?post=809"}],"version-history":[{"count":4,"href":"https:\/\/blockforia.com\/pt-pt\/wp-json\/wp\/v2\/pages\/809\/revisions"}],"predecessor-version":[{"id":1949,"href":"https:\/\/blockforia.com\/pt-pt\/wp-json\/wp\/v2\/pages\/809\/revisions\/1949"}],"wp:attachment":[{"href":"https:\/\/blockforia.com\/pt-pt\/wp-json\/wp\/v2\/media?parent=809"}],"curies":[{"name":"wp","href":"https:\/\/api.w.org\/{rel}","templated":true}]}}