{"id":811,"date":"2023-08-18T10:00:05","date_gmt":"2023-08-18T10:00:05","guid":{"rendered":"https:\/\/blockforia.com\/pricing-and-fees-disclosure\/"},"modified":"2025-12-03T04:55:48","modified_gmt":"2025-12-03T04:55:48","slug":"pricing-and-fees-disclosure","status":"publish","type":"page","link":"https:\/\/blockforia.com\/pt-pt\/pricing-and-fees-disclosure\/","title":{"rendered":"Divulga\u00e7\u00e3o de Pre\u00e7os e Taxas"},"content":{"rendered":"<p><strong>Abaixo est\u00e1 um resumo de todas as taxas cobradas e n\u00e3o cobradas na Blockforia.<\/strong><\/p>\n<p><strong>Servi\u00e7o de Carteira<\/strong><\/p>\n<p>A Bfinance EOOD DBA Blockforia oferece nosso servi\u00e7o centralizado de carteira de criptomoedas gratuitamente. Isso significa que armazenaremos seus ativos digitais sem nenhum custo para voc\u00ea. \u201cCriptomoeda\u201d significa qualquer criptomoeda atualmente suportada pela Blockforia. N\u00e3o cobramos pela transfer\u00eancia de criptomoedas de uma carteira para outra. A Blockforia incorre e paga taxas de transa\u00e7\u00e3o de rede, como taxas de minerador, para transa\u00e7\u00f5es em redes de criptomoedas (ou seja, transfer\u00eancias de criptomoedas fora da plataforma da Blockforia). Para essas transa\u00e7\u00f5es, a Blockforia cobrar\u00e1 uma taxa com base em nossa estimativa das taxas de transa\u00e7\u00e3o de rede que prevemos pagar para cada transa\u00e7\u00e3o. Em certas circunst\u00e2ncias, a taxa que a Blockforia paga pode diferir dessa estimativa. A taxa total que voc\u00ea paga lhe ser\u00e1 divulgada no momento da sua transa\u00e7\u00e3o.<\/p>\n<p><strong>Transa\u00e7\u00f5es de Compra\/Venda<\/strong><\/p>\n<p>Al\u00e9m de enviar ou receber criptomoedas por meio da Blockforia, os clientes podem comprar ou vender uma \u00fanica criptomoeda (uma \u201ccompra de criptomoeda\u201d ou \u201cvenda de criptomoeda\u201d).<\/p>\n<p>Quando voc\u00ea solicita a compra ou venda de uma transa\u00e7\u00e3o de criptomoeda, a Blockforia tentar\u00e1 atender a essa ordem, liquidando diretamente com seus pr\u00f3prios fundos ou com um provedor de liquidez por meio de uma API de exchange de terceiros.<\/p>\n<p>Em qualquer caso, a Blockforia estabelece a taxa de c\u00e2mbio adicionando uma margem (\u201cspread\u201d). Normalmente, a Blockforia cobra um spread de cerca de 2% para compras. No entanto, o spread real pode ser maior ou menor devido \u00e0s flutua\u00e7\u00f5es de mercado no pre\u00e7o da criptomoeda na Blockforia entre o momento em que cotamos um pre\u00e7o e o momento em que a ordem \u00e9 executada.<\/p>\n<p>A Blockforia tamb\u00e9m pode cobrar uma taxa separada (al\u00e9m do spread) que pode ser fixa ou uma porcentagem da transa\u00e7\u00e3o (\u201cTaxa da Blockforia\u201d). As Taxas da Blockforia podem variar com base em sua localiza\u00e7\u00e3o, perfil de risco, m\u00e9todo de pagamento utilizado e outros fatores.<\/p>\n<p>Em alguns casos, podemos cobrar uma taxa adicional em transfer\u00eancias de e para sua conta banc\u00e1ria.<\/p>\n<p>N\u00f3s sempre o notificaremos sobre todas as Taxas da Blockforia (n\u00e3o incluindo a margem) e quaisquer outras taxas de servi\u00e7o que se apliquem a cada transa\u00e7\u00e3o imediatamente antes de voc\u00ea confirmar cada transa\u00e7\u00e3o e no recibo que emitirmos para voc\u00ea logo ap\u00f3s cada movimenta\u00e7\u00e3o ter sido processada. Se a criptomoeda estiver sendo usada para uma transa\u00e7\u00e3o ou compra, o destinat\u00e1rio pode escolher arcar com parte ou todas as taxas (&#8220;Taxa Repassada&#8221;).<\/p>\n<p>Em alguns casos, seu banco pode cobrar taxas adicionais para transfer\u00eancias entre sua conta banc\u00e1ria e sua conta na Blockforia. Esteja ciente de que seu banco pode cobrar taxas adicionais para compras com cart\u00e3o de cr\u00e9dito. Para evit\u00e1-las, opte por utilizar um cart\u00e3o de d\u00e9bito.<\/p>\n<p>A Blockforia reserva-se o direito de rejeitar uma transa\u00e7\u00e3o se a exchange n\u00e3o puder preencher um pedido correspondente devido a altera\u00e7\u00f5es no pre\u00e7o de mercado de uma criptomoeda, um pedido excedendo o tamanho m\u00e1ximo ou um pedido expirando devido ao tempo de resposta lento do servidor. Em raras circunst\u00e2ncias, a taxa de c\u00e2mbio pode n\u00e3o estar dispon\u00edvel devido a interrup\u00e7\u00f5es ou manuten\u00e7\u00e3o programada. Para fornecer a voc\u00ea servi\u00e7os ininterruptos nesse momento, podemos obter dados de pre\u00e7os de mercados de exchanges n\u00e3o afiliadas.<\/p>\n<p><strong>Limites e taxas<\/strong><\/p>\n<p><strong>Compras<\/strong><\/p>\n<table>\n<tbody>\n<tr>\n<td>Quantidade m\u00ednima<\/td>\n<td>20,00 euros<\/td>\n<\/tr>\n<tr>\n<td>Quantidade m\u00e1xima<\/td>\n<td>5.000,00 euros<\/td>\n<\/tr>\n<\/tbody>\n<\/table>\n<p>&nbsp;<\/p>\n<p><strong>Retirada de Cripto (Transfer\u00eancia)<\/strong><\/p>\n<table>\n<tbody>\n<tr>\n<td>Taxa de saque da carteira Blockchain<\/td>\n<td>Gr\u00e1tis*<\/td>\n<\/tr>\n<tr>\n<td>Valor m\u00ednimo de saque da carteira Blockchain<\/td>\n<td>0,001 BTC<\/td>\n<\/tr>\n<tr>\n<td>Taxa de saque da carteira interna (na plataforma)<\/td>\n<td>Gr\u00e1tis<\/td>\n<\/tr>\n<tr>\n<td>Valor m\u00ednimo de saque da carteira interna<\/td>\n<td>Sem valor m\u00ednimo<\/td>\n<\/tr>\n<\/tbody>\n<\/table>\n<p>*<em>Somente taxas de minera\u00e7\u00e3o ser\u00e3o aplicadas<\/em><\/p>\n<p>&nbsp;<\/p>\n<p><strong>Atividade<\/strong><\/p>\n<table>\n<tbody>\n<tr>\n<td>Cria\u00e7\u00e3o de conta<\/td>\n<td>Gr\u00e1tis<\/td>\n<\/tr>\n<tr>\n<td>Cria\u00e7\u00e3o de carteira<\/td>\n<td>Gr\u00e1tis<\/td>\n<\/tr>\n<\/tbody>\n<\/table>\n","protected":false},"excerpt":{"rendered":"<p>Abaixo est\u00e1 um resumo de todas as taxas cobradas e n\u00e3o cobradas na Blockforia. Servi\u00e7o de Carteira&#8230;<\/p>\n","protected":false},"author":3,"featured_media":0,"parent":0,"menu_order":0,"comment_status":"closed","ping_status":"closed","template":"","meta":{"_acf_changed":false,"footnotes":""},"class_list":["post-811","page","type-page","status-publish","hentry"],"acf":[],"_links":{"self":[{"href":"https:\/\/blockforia.com\/pt-pt\/wp-json\/wp\/v2\/pages\/811","targetHints":{"allow":["GET"]}}],"collection":[{"href":"https:\/\/blockforia.com\/pt-pt\/wp-json\/wp\/v2\/pages"}],"about":[{"href":"https:\/\/blockforia.com\/pt-pt\/wp-json\/wp\/v2\/types\/page"}],"author":[{"embeddable":true,"href":"https:\/\/blockforia.com\/pt-pt\/wp-json\/wp\/v2\/users\/3"}],"replies":[{"embeddable":true,"href":"https:\/\/blockforia.com\/pt-pt\/wp-json\/wp\/v2\/comments?post=811"}],"version-history":[{"count":6,"href":"https:\/\/blockforia.com\/pt-pt\/wp-json\/wp\/v2\/pages\/811\/revisions"}],"predecessor-version":[{"id":1980,"href":"https:\/\/blockforia.com\/pt-pt\/wp-json\/wp\/v2\/pages\/811\/revisions\/1980"}],"wp:attachment":[{"href":"https:\/\/blockforia.com\/pt-pt\/wp-json\/wp\/v2\/media?parent=811"}],"curies":[{"name":"wp","href":"https:\/\/api.w.org\/{rel}","templated":true}]}}